{"id":3,"date":"2024-03-06T06:08:33","date_gmt":"2024-03-06T06:08:33","guid":{"rendered":"https:\/\/www.sexpuppenpro.com\/?page_id=3"},"modified":"2024-10-30T06:03:58","modified_gmt":"2024-10-30T06:03:58","slug":"politique-de-protection-des-donnees","status":"publish","type":"page","link":"https:\/\/www.sexpuppenpro.com\/fr\/politique-de-protection-des-donnees\/","title":{"rendered":"Dispositions relatives \u00e0 la protection des donn\u00e9es"},"content":{"rendered":"<p>*Comme pour le site web, nous sommes conscients de l'importance de la vie priv\u00e9e de chaque client. Nous vous invitons donc \u00e0 toujours respecter les dispositions nationales en mati\u00e8re de protection des donn\u00e9es pr\u00e9sent\u00e9es sur notre site web. Nous essayons \u00e9galement d'am\u00e9liorer nos processus de protection de la vie priv\u00e9e de nos clients. Nous continuerons \u00e0 am\u00e9liorer nos m\u00e9thodes de protection de la vie priv\u00e9e de nos clients.<\/p>\n\n\n\n<p><strong>*Syst\u00e8me de protection des donn\u00e9es<\/strong><\/p>\n\n\n\n<p>*Le respect de la vie priv\u00e9e des utilisateurs est une politique fondamentale de ce site. Par cons\u00e9quent, ce site web n'autorise pas l'utilisateur \u00e0 ouvrir, modifier ou divulguer ses donn\u00e9es d'enregistrement et \u00e0 stocker des contenus non publics sur ce site web. Les donn\u00e9es sont utilis\u00e9es exclusivement dans le but de la collecte indiqu\u00e9e. Pour toute autre utilisation, nous vous demanderons votre accord pr\u00e9alable.<\/p>\n\n\n\n<p><strong>*Protection des donn\u00e9es<\/strong><\/p>\n\n\n\n<p>*Ce site reconna\u00eet que les utilisateurs enregistr\u00e9s qui fournissent tout ou partie de leurs donn\u00e9es personnelles (y compris leur nom, num\u00e9ro de t\u00e9l\u00e9phone, adresse \u00e9lectronique et postale, etc.) sur ce site sont respect\u00e9s et prot\u00e9g\u00e9s.<\/p>\n\n\n\n<p>*Les utilisateurs enregistr\u00e9s peuvent nous informer \u00e0 tout moment des modifications apport\u00e9es \u00e0 leurs informations, par exemple de leur adresse, de leur lieu de r\u00e9sidence, de leur num\u00e9ro de t\u00e9l\u00e9phone ou de leur adresse \u00e9lectronique, afin d'aider notre site \u00e0 garantir l'exactitude des donn\u00e9es personnelles des utilisateurs enregistr\u00e9s. Nous nous efforcerons de prot\u00e9ger les donn\u00e9es personnelles et la vie priv\u00e9e des utilisateurs enregistr\u00e9s et de garantir la s\u00e9curit\u00e9 de vos donn\u00e9es.<\/p>\n\n\n\n<p><strong>*S\u00e9curit\u00e9 de l'information<\/strong><\/p>\n\n\n\n<p>*Ce site s'engage \u00e0 prot\u00e9ger la s\u00e9curit\u00e9 de vos donn\u00e9es personnelles et \u00e0 prendre les mesures de s\u00e9curit\u00e9 appropri\u00e9es pour prot\u00e9ger vos donn\u00e9es personnelles contre tout acc\u00e8s, utilisation ou divulgation non autoris\u00e9s. Informations correctes Nous nous efforcerons de vous fournir des moyens appropri\u00e9s et pratiques pour confirmer et corriger toute information inexacte ou pour mettre \u00e0 jour les informations que vous nous avez fournies. L'entreprise ne divulgue pas ces informations \u00e0 des tiers.<\/p>\n\n\n\n<p><strong>*Modifications de l'accord sur la protection des donn\u00e9es<\/strong><\/p>\n\n\n\n<p>*La pr\u00e9sente politique de confidentialit\u00e9 peut \u00eatre modifi\u00e9e \u00e0 tout moment et pour quelque raison que ce soit. L'utilisation des informations que nous collectons sera alors r\u00e9gie par l'objectif r\u00e9el pour lequel les informations ont \u00e9t\u00e9 collect\u00e9es ou par l'accord de confidentialit\u00e9. Si nous modifions la mani\u00e8re dont nous utilisons les informations, nous vous en informerons par e-mail ou en publiant un avis sur ce site. Les utilisateurs sont li\u00e9s par les modifications apport\u00e9es \u00e0 la pr\u00e9sente politique de confidentialit\u00e9 lorsqu'ils utilisent le site web apr\u00e8s la premi\u00e8re publication de ces modifications.<\/p>","protected":false},"excerpt":{"rendered":"<p>*Wie auch bei der Website sind wir uns der Bedeutung der Privatsph\u00e4re des einzelnen Kunden bewusst. Bitte beachten Sie daher stets die auf unserer Website dargelegten nationalen Datenschutzbestimmungen. Wir versuchen auch, unsere Prozesse zum Schutz der Privatsph\u00e4re unserer Kunden zu verbessern. Wir werden unsere Methoden zum Schutz der Privatsph\u00e4re unserer Kunden weiter verbessern. *Datenschutzsystem *Die [&hellip;]<\/p>","protected":false},"author":1,"featured_media":0,"parent":0,"menu_order":21,"comment_status":"closed","ping_status":"open","template":"","meta":{"site-sidebar-layout":"default","site-content-layout":"","ast-site-content-layout":"default","site-content-style":"default","site-sidebar-style":"default","ast-global-header-display":"","ast-banner-title-visibility":"","ast-main-header-display":"","ast-hfb-above-header-display":"","ast-hfb-below-header-display":"","ast-hfb-mobile-header-display":"","site-post-title":"","ast-breadcrumbs-content":"","ast-featured-img":"","footer-sml-layout":"","theme-transparent-header-meta":"","adv-header-id-meta":"","stick-header-meta":"","header-above-stick-meta":"","header-main-stick-meta":"","header-below-stick-meta":"","astra-migrate-meta-layouts":"set","ast-page-background-enabled":"default","ast-page-background-meta":{"desktop":{"background-color":"","background-image":"","background-repeat":"repeat","background-position":"center center","background-size":"auto","background-attachment":"scroll","background-type":"","background-media":"","overlay-type":"","overlay-color":"","overlay-opacity":"","overlay-gradient":""},"tablet":{"background-color":"","background-image":"","background-repeat":"repeat","background-position":"center center","background-size":"auto","background-attachment":"scroll","background-type":"","background-media":"","overlay-type":"","overlay-color":"","overlay-opacity":"","overlay-gradient":""},"mobile":{"background-color":"","background-image":"","background-repeat":"repeat","background-position":"center center","background-size":"auto","background-attachment":"scroll","background-type":"","background-media":"","overlay-type":"","overlay-color":"","overlay-opacity":"","overlay-gradient":""}},"ast-content-background-meta":{"desktop":{"background-color":"var(--ast-global-color-5)","background-image":"","background-repeat":"repeat","background-position":"center center","background-size":"auto","background-attachment":"scroll","background-type":"","background-media":"","overlay-type":"","overlay-color":"","overlay-opacity":"","overlay-gradient":""},"tablet":{"background-color":"var(--ast-global-color-5)","background-image":"","background-repeat":"repeat","background-position":"center center","background-size":"auto","background-attachment":"scroll","background-type":"","background-media":"","overlay-type":"","overlay-color":"","overlay-opacity":"","overlay-gradient":""},"mobile":{"background-color":"var(--ast-global-color-5)","background-image":"","background-repeat":"repeat","background-position":"center center","background-size":"auto","background-attachment":"scroll","background-type":"","background-media":"","overlay-type":"","overlay-color":"","overlay-opacity":"","overlay-gradient":""}},"footnotes":""},"class_list":["post-3","page","type-page","status-publish","hentry"],"yoast_head":"<!-- This site is optimized with the Yoast SEO plugin v24.1 - https:\/\/yoast.com\/wordpress\/plugins\/seo\/ -->\n<title>Datenschutz Bestimmungen - SEXPUPPENPRO<\/title>\n<meta name=\"description\" content=\"Wir werden den Schutz der Privatsph\u00e4re unserer Kunden weiter verbessern. - SEXPUPPENPRO\" \/>\n<meta name=\"robots\" content=\"index, follow, max-snippet:-1, max-image-preview:large, max-video-preview:-1\" \/>\n<link rel=\"canonical\" href=\"https:\/\/www.sexpuppenpro.com\/fr\/politique-de-protection-des-donnees\/\" \/>\n<meta property=\"og:locale\" content=\"fr_FR\" \/>\n<meta property=\"og:type\" content=\"article\" \/>\n<meta property=\"og:title\" content=\"Datenschutz Bestimmungen - SEXPUPPENPRO\" \/>\n<meta property=\"og:description\" content=\"Wir werden den Schutz der Privatsph\u00e4re unserer Kunden weiter verbessern. - SEXPUPPENPRO\" \/>\n<meta property=\"og:url\" content=\"https:\/\/www.sexpuppenpro.com\/fr\/politique-de-protection-des-donnees\/\" \/>\n<meta property=\"og:site_name\" content=\"SEXPUPPENPRO\" \/>\n<meta property=\"article:modified_time\" content=\"2024-10-30T06:03:58+00:00\" \/>\n<meta name=\"twitter:card\" content=\"summary_large_image\" \/>\n<meta name=\"twitter:label1\" content=\"Dur\u00e9e de lecture estim\u00e9e\" \/>\n\t<meta name=\"twitter:data1\" content=\"2 minutes\" \/>\n<script type=\"application\/ld+json\" class=\"yoast-schema-graph\">{\"@context\":\"https:\/\/schema.org\",\"@graph\":[{\"@type\":\"WebPage\",\"@id\":\"https:\/\/www.sexpuppenpro.com\/en\/data-protection-provisions\/\",\"url\":\"https:\/\/www.sexpuppenpro.com\/en\/data-protection-provisions\/\",\"name\":\"Datenschutz Bestimmungen - SEXPUPPENPRO\",\"isPartOf\":{\"@id\":\"https:\/\/www.sexpuppenpro.com\/#website\"},\"datePublished\":\"2024-03-06T06:08:33+00:00\",\"dateModified\":\"2024-10-30T06:03:58+00:00\",\"description\":\"Wir werden den Schutz der Privatsph\u00e4re unserer Kunden weiter verbessern. - SEXPUPPENPRO\",\"breadcrumb\":{\"@id\":\"https:\/\/www.sexpuppenpro.com\/en\/data-protection-provisions\/#breadcrumb\"},\"inLanguage\":\"fr-FR\",\"potentialAction\":[{\"@type\":\"ReadAction\",\"target\":[\"https:\/\/www.sexpuppenpro.com\/en\/data-protection-provisions\/\"]}]},{\"@type\":\"BreadcrumbList\",\"@id\":\"https:\/\/www.sexpuppenpro.com\/en\/data-protection-provisions\/#breadcrumb\",\"itemListElement\":[{\"@type\":\"ListItem\",\"position\":1,\"name\":\"Home\",\"item\":\"https:\/\/www.sexpuppenpro.com\/en\/\"},{\"@type\":\"ListItem\",\"position\":2,\"name\":\"Datenschutz Bestimmungen\"}]},{\"@type\":\"WebSite\",\"@id\":\"https:\/\/www.sexpuppenpro.com\/#website\",\"url\":\"https:\/\/www.sexpuppenpro.com\/\",\"name\":\"SEXPUPPENPRO\",\"description\":\"\",\"publisher\":{\"@id\":\"https:\/\/www.sexpuppenpro.com\/#organization\"},\"potentialAction\":[{\"@type\":\"SearchAction\",\"target\":{\"@type\":\"EntryPoint\",\"urlTemplate\":\"https:\/\/www.sexpuppenpro.com\/?s={search_term_string}\"},\"query-input\":{\"@type\":\"PropertyValueSpecification\",\"valueRequired\":true,\"valueName\":\"search_term_string\"}}],\"inLanguage\":\"fr-FR\"},{\"@type\":\"Organization\",\"@id\":\"https:\/\/www.sexpuppenpro.com\/#organization\",\"name\":\"SEXPUPPENPRO\",\"url\":\"https:\/\/www.sexpuppenpro.com\/\",\"logo\":{\"@type\":\"ImageObject\",\"inLanguage\":\"fr-FR\",\"@id\":\"https:\/\/www.sexpuppenpro.com\/#\/schema\/logo\/image\/\",\"url\":\"https:\/\/www.sexpuppenpro.com\/wp-content\/uploads\/2024\/03\/cropped-sexpuppenpro-logo-2.png\",\"contentUrl\":\"https:\/\/www.sexpuppenpro.com\/wp-content\/uploads\/2024\/03\/cropped-sexpuppenpro-logo-2.png\",\"width\":900,\"height\":300,\"caption\":\"SEXPUPPENPRO\"},\"image\":{\"@id\":\"https:\/\/www.sexpuppenpro.com\/#\/schema\/logo\/image\/\"}}]}<\/script>\n<!-- \/ Yoast SEO plugin. -->","yoast_head_json":{"title":"Politique de confidentialit\u00e9 - SEXPUPPENPRO","description":"Nous continuerons \u00e0 am\u00e9liorer la protection de la vie priv\u00e9e de nos clients. - SEXPUPENPRO","robots":{"index":"index","follow":"follow","max-snippet":"max-snippet:-1","max-image-preview":"max-image-preview:large","max-video-preview":"max-video-preview:-1"},"canonical":"https:\/\/www.sexpuppenpro.com\/fr\/politique-de-protection-des-donnees\/","og_locale":"fr_FR","og_type":"article","og_title":"Datenschutz Bestimmungen - SEXPUPPENPRO","og_description":"Wir werden den Schutz der Privatsph\u00e4re unserer Kunden weiter verbessern. - SEXPUPPENPRO","og_url":"https:\/\/www.sexpuppenpro.com\/fr\/politique-de-protection-des-donnees\/","og_site_name":"SEXPUPPENPRO","article_modified_time":"2024-10-30T06:03:58+00:00","twitter_card":"summary_large_image","twitter_misc":{"Dur\u00e9e de lecture estim\u00e9e":"2 minutes"},"schema":{"@context":"https:\/\/schema.org","@graph":[{"@type":"WebPage","@id":"https:\/\/www.sexpuppenpro.com\/en\/data-protection-provisions\/","url":"https:\/\/www.sexpuppenpro.com\/en\/data-protection-provisions\/","name":"Politique de confidentialit\u00e9 - SEXPUPPENPRO","isPartOf":{"@id":"https:\/\/www.sexpuppenpro.com\/#website"},"datePublished":"2024-03-06T06:08:33+00:00","dateModified":"2024-10-30T06:03:58+00:00","description":"Nous continuerons \u00e0 am\u00e9liorer la protection de la vie priv\u00e9e de nos clients. - SEXPUPENPRO","breadcrumb":{"@id":"https:\/\/www.sexpuppenpro.com\/en\/data-protection-provisions\/#breadcrumb"},"inLanguage":"fr-FR","potentialAction":[{"@type":"ReadAction","target":["https:\/\/www.sexpuppenpro.com\/en\/data-protection-provisions\/"]}]},{"@type":"BreadcrumbList","@id":"https:\/\/www.sexpuppenpro.com\/en\/data-protection-provisions\/#breadcrumb","itemListElement":[{"@type":"ListItem","position":1,"name":"Home","item":"https:\/\/www.sexpuppenpro.com\/en\/"},{"@type":"ListItem","position":2,"name":"Datenschutz Bestimmungen"}]},{"@type":"WebSite","@id":"https:\/\/www.sexpuppenpro.com\/#website","url":"https:\/\/www.sexpuppenpro.com\/","name":"SEXPUPPENPRO","description":"","publisher":{"@id":"https:\/\/www.sexpuppenpro.com\/#organization"},"potentialAction":[{"@type":"SearchAction","target":{"@type":"EntryPoint","urlTemplate":"https:\/\/www.sexpuppenpro.com\/?s={search_term_string}"},"query-input":{"@type":"PropertyValueSpecification","valueRequired":true,"valueName":"search_term_string"}}],"inLanguage":"fr-FR"},{"@type":"Organization","@id":"https:\/\/www.sexpuppenpro.com\/#organization","name":"SEXPUPPENPRO","url":"https:\/\/www.sexpuppenpro.com\/","logo":{"@type":"ImageObject","inLanguage":"fr-FR","@id":"https:\/\/www.sexpuppenpro.com\/#\/schema\/logo\/image\/","url":"https:\/\/www.sexpuppenpro.com\/wp-content\/uploads\/2024\/03\/cropped-sexpuppenpro-logo-2.png","contentUrl":"https:\/\/www.sexpuppenpro.com\/wp-content\/uploads\/2024\/03\/cropped-sexpuppenpro-logo-2.png","width":900,"height":300,"caption":"SEXPUPPENPRO"},"image":{"@id":"https:\/\/www.sexpuppenpro.com\/#\/schema\/logo\/image\/"}}]}},"_links":{"self":[{"href":"https:\/\/www.sexpuppenpro.com\/fr\/wp-json\/wp\/v2\/pages\/3","targetHints":{"allow":["GET"]}}],"collection":[{"href":"https:\/\/www.sexpuppenpro.com\/fr\/wp-json\/wp\/v2\/pages"}],"about":[{"href":"https:\/\/www.sexpuppenpro.com\/fr\/wp-json\/wp\/v2\/types\/page"}],"author":[{"embeddable":true,"href":"https:\/\/www.sexpuppenpro.com\/fr\/wp-json\/wp\/v2\/users\/1"}],"replies":[{"embeddable":true,"href":"https:\/\/www.sexpuppenpro.com\/fr\/wp-json\/wp\/v2\/comments?post=3"}],"version-history":[{"count":2,"href":"https:\/\/www.sexpuppenpro.com\/fr\/wp-json\/wp\/v2\/pages\/3\/revisions"}],"predecessor-version":[{"id":23220,"href":"https:\/\/www.sexpuppenpro.com\/fr\/wp-json\/wp\/v2\/pages\/3\/revisions\/23220"}],"wp:attachment":[{"href":"https:\/\/www.sexpuppenpro.com\/fr\/wp-json\/wp\/v2\/media?parent=3"}],"curies":[{"name":"wp","href":"https:\/\/api.w.org\/{rel}","templated":true}]}}