{"id":2312,"date":"2024-03-12T09:36:40","date_gmt":"2024-03-12T09:36:40","guid":{"rendered":"https:\/\/www.sexpuppenpro.com\/?page_id=2312"},"modified":"2024-03-12T09:36:43","modified_gmt":"2024-03-12T09:36:43","slug":"droit-de-retour","status":"publish","type":"page","link":"https:\/\/www.sexpuppenpro.com\/fr\/droit-de-retour\/","title":{"rendered":"Droit de retour"},"content":{"rendered":"<p><strong>100% Satisfaction garantie<\/strong><\/p>\n\n\n\n<p>Pour que vous receviez la meilleure poup\u00e9e, nous contr\u00f4lons strictement le processus de fabrication de la poup\u00e9e et la v\u00e9rifions avant de l'envoyer. Lorsque vous recevez une poup\u00e9e sexuelle, examinez soigneusement la poup\u00e9e pour vous assurer qu'elle est en bon \u00e9tat. Si vous constatez des probl\u00e8mes de qualit\u00e9 caus\u00e9s par des facteurs non humains tels que des dommages, veuillez prendre des photos, ne pas les utiliser et nous contacter dans les 14 jours \u00e0 l'adresse info@sexpuppenpro.com. Il a \u00e9t\u00e9 confirm\u00e9 que le produit pr\u00e9sentait des d\u00e9fauts de qualit\u00e9. Nous vous rendrons la poup\u00e9e ou l'\u00e9changerons contre une autre.<\/p>\n\n\n\n<p>Nos repr\u00e9sentants du service client\u00e8le travailleront avec vous pour trouver la meilleure solution \u00e0 votre situation, en rempla\u00e7ant l'article original ou en effectuant un remboursement. Des frais de restockage de 50 % seront appliqu\u00e9s. Si vous avez d\u00e9j\u00e0 utilis\u00e9 la poup\u00e9e, nous ne pourrons pas vous rembourser.<\/p>\n\n\n\n<p><strong>Dommages et garantie<\/strong><\/p>\n\n\n\n<p>Pour aucune autre raison, nous n'offrons de remboursement, sauf si le produit arrive endommag\u00e9.<\/p>\n\n\n\n<p>Toutefois, si vous recevez un produit d\u00e9fectueux, veuillez nous contacter dans les 24 heures. Il est important de fournir autant de d\u00e9tails que possible, y compris toutes les photos et vid\u00e9os. Dans ce cas, veuillez envoyer un e-mail \u00e0 info@sexpuppenpro.com. Nous pourrons alors travailler \u00e0 la r\u00e9solution du probl\u00e8me. C'est pourquoi vous devez inspecter la poup\u00e9e de la t\u00eate aux pieds apr\u00e8s l'avoir re\u00e7ue, avant de l'utiliser. Ceci est tr\u00e8s important.<\/p>\n\n\n\n<p>Si l'article est endommag\u00e9 \u00e0 la suite d'une mauvaise utilisation, vous n'avez pas droit \u00e0 un retour ou \u00e0 un \u00e9change. Vous devez faire preuve de bon sens et manipuler cet article avec pr\u00e9caution afin d'\u00e9viter d'endommager le produit.<\/p>\n\n\n\n<p>Tout retour d'information est le bienvenu, car il peut nous aider \u00e0 collaborer avec le fabricant afin d'\u00e9viter que ces probl\u00e8mes ne se produisent \u00e0 l'avenir.<\/p>\n\n\n\n<p><strong>Modifications ou annulations de commandes<\/strong><\/p>\n\n\n\n<p>Le traitement des commandes commence g\u00e9n\u00e9ralement dans les 12 heures suivant la r\u00e9ception de la commande. Veuillez donc vous assurer que votre commande est correcte avant de cliquer sur le bouton \"Envoyer\". Si nous avons d\u00e9j\u00e0 commenc\u00e9 \u00e0 traiter votre commande et que vous souhaitez n\u00e9anmoins l'annuler, des frais d'annulation de 20 % vous seront factur\u00e9s sur votre commande annul\u00e9e. Si nous avons termin\u00e9 la fabrication de votre poup\u00e9e et que vous insistez pour annuler votre commande, nous vous facturerons 50 % de frais. Dans un autre cas, nous avons non seulement termin\u00e9 votre poup\u00e9e, mais nous l'avons \u00e9galement exp\u00e9di\u00e9e, dans ce cas la commande ne sera pas annul\u00e9e, merci de votre compr\u00e9hension.<\/p>\n\n\n\n<p><strong>Commandes non distribuables<\/strong><\/p>\n\n\n\n<p>N'oubliez pas d'indiquer vos informations d'exp\u00e9dition. Vous d\u00e9finissez exactement la mani\u00e8re dont votre \u00e9tiquette d'exp\u00e9dition doit \u00eatre imprim\u00e9e. Les commandes qui nous sont retourn\u00e9es comme non distribuables sont soumises \u00e0 des frais de traitement de 50 % et ne sont pas rembours\u00e9es.<\/p>\n\n\n\n<p>Les pr\u00e9sentes conditions g\u00e9n\u00e9rales sont r\u00e9gies par le droit belge. Toute action en justice ou en \u00e9quit\u00e9 d\u00e9coulant de ou li\u00e9e aux pr\u00e9sentes conditions g\u00e9n\u00e9rales doit \u00eatre introduite devant les tribunaux belges.<\/p>","protected":false},"excerpt":{"rendered":"<p>100% Satisfaction garantie Pour que vous receviez la meilleure poup\u00e9e, nous contr\u00f4lons strictement le processus de fabrication de la poup\u00e9e et la v\u00e9rifions avant de l'envoyer. Lorsque vous recevez une poup\u00e9e sexuelle, vous l'inspectez soigneusement pour vous assurer qu'elle est en bon \u00e9tat. Si vous constatez des probl\u00e8mes de qualit\u00e9 caus\u00e9s par des facteurs non humains tels que des dommages, veuillez [...].<\/p>","protected":false},"author":1,"featured_media":0,"parent":0,"menu_order":24,"comment_status":"closed","ping_status":"closed","template":"","meta":{"site-sidebar-layout":"default","site-content-layout":"","ast-site-content-layout":"default","site-content-style":"default","site-sidebar-style":"default","ast-global-header-display":"","ast-banner-title-visibility":"","ast-main-header-display":"","ast-hfb-above-header-display":"","ast-hfb-below-header-display":"","ast-hfb-mobile-header-display":"","site-post-title":"","ast-breadcrumbs-content":"","ast-featured-img":"","footer-sml-layout":"","theme-transparent-header-meta":"","adv-header-id-meta":"","stick-header-meta":"","header-above-stick-meta":"","header-main-stick-meta":"","header-below-stick-meta":"","astra-migrate-meta-layouts":"set","ast-page-background-enabled":"default","ast-page-background-meta":{"desktop":{"background-color":"","background-image":"","background-repeat":"repeat","background-position":"center center","background-size":"auto","background-attachment":"scroll","background-type":"","background-media":"","overlay-type":"","overlay-color":"","overlay-opacity":"","overlay-gradient":""},"tablet":{"background-color":"","background-image":"","background-repeat":"repeat","background-position":"center center","background-size":"auto","background-attachment":"scroll","background-type":"","background-media":"","overlay-type":"","overlay-color":"","overlay-opacity":"","overlay-gradient":""},"mobile":{"background-color":"","background-image":"","background-repeat":"repeat","background-position":"center center","background-size":"auto","background-attachment":"scroll","background-type":"","background-media":"","overlay-type":"","overlay-color":"","overlay-opacity":"","overlay-gradient":""}},"ast-content-background-meta":{"desktop":{"background-color":"var(--ast-global-color-5)","background-image":"","background-repeat":"repeat","background-position":"center center","background-size":"auto","background-attachment":"scroll","background-type":"","background-media":"","overlay-type":"","overlay-color":"","overlay-opacity":"","overlay-gradient":""},"tablet":{"background-color":"var(--ast-global-color-5)","background-image":"","background-repeat":"repeat","background-position":"center center","background-size":"auto","background-attachment":"scroll","background-type":"","background-media":"","overlay-type":"","overlay-color":"","overlay-opacity":"","overlay-gradient":""},"mobile":{"background-color":"var(--ast-global-color-5)","background-image":"","background-repeat":"repeat","background-position":"center center","background-size":"auto","background-attachment":"scroll","background-type":"","background-media":"","overlay-type":"","overlay-color":"","overlay-opacity":"","overlay-gradient":""}},"footnotes":""},"class_list":["post-2312","page","type-page","status-publish","hentry"],"yoast_head":"<!-- This site is optimized with the Yoast SEO plugin v24.1 - https:\/\/yoast.com\/wordpress\/plugins\/seo\/ -->\n<title>R\u00fcckgaberecht - SEXPUPPENPRO<\/title>\n<meta name=\"description\" content=\"Um sicherzustellen, dass Sie die beste Puppe erhalten, kontrollieren wir den Herstellungsprozess der Puppen streng und pr\u00fcfen sie vor dem Versand. - SEXPUPPENPRO\" \/>\n<meta name=\"robots\" content=\"index, follow, max-snippet:-1, max-image-preview:large, max-video-preview:-1\" \/>\n<link rel=\"canonical\" href=\"https:\/\/www.sexpuppenpro.com\/fr\/droit-de-retour\/\" \/>\n<meta property=\"og:locale\" content=\"fr_FR\" \/>\n<meta property=\"og:type\" content=\"article\" \/>\n<meta property=\"og:title\" content=\"R\u00fcckgaberecht - SEXPUPPENPRO\" \/>\n<meta property=\"og:description\" content=\"Um sicherzustellen, dass Sie die beste Puppe erhalten, kontrollieren wir den Herstellungsprozess der Puppen streng und pr\u00fcfen sie vor dem Versand. - SEXPUPPENPRO\" \/>\n<meta property=\"og:url\" content=\"https:\/\/www.sexpuppenpro.com\/fr\/droit-de-retour\/\" \/>\n<meta property=\"og:site_name\" content=\"SEXPUPPENPRO\" \/>\n<meta property=\"article:modified_time\" content=\"2024-03-12T09:36:43+00:00\" \/>\n<meta name=\"twitter:card\" content=\"summary_large_image\" \/>\n<meta name=\"twitter:label1\" content=\"Dur\u00e9e de lecture estim\u00e9e\" \/>\n\t<meta name=\"twitter:data1\" content=\"2 minutes\" \/>\n<script type=\"application\/ld+json\" class=\"yoast-schema-graph\">{\"@context\":\"https:\/\/schema.org\",\"@graph\":[{\"@type\":\"WebPage\",\"@id\":\"https:\/\/www.sexpuppenpro.com\/rueckgaberecht\/\",\"url\":\"https:\/\/www.sexpuppenpro.com\/rueckgaberecht\/\",\"name\":\"R\u00fcckgaberecht - SEXPUPPENPRO\",\"isPartOf\":{\"@id\":\"https:\/\/www.sexpuppenpro.com\/#website\"},\"datePublished\":\"2024-03-12T09:36:40+00:00\",\"dateModified\":\"2024-03-12T09:36:43+00:00\",\"description\":\"Um sicherzustellen, dass Sie die beste Puppe erhalten, kontrollieren wir den Herstellungsprozess der Puppen streng und pr\u00fcfen sie vor dem Versand. - SEXPUPPENPRO\",\"breadcrumb\":{\"@id\":\"https:\/\/www.sexpuppenpro.com\/rueckgaberecht\/#breadcrumb\"},\"inLanguage\":\"fr-FR\",\"potentialAction\":[{\"@type\":\"ReadAction\",\"target\":[\"https:\/\/www.sexpuppenpro.com\/rueckgaberecht\/\"]}]},{\"@type\":\"BreadcrumbList\",\"@id\":\"https:\/\/www.sexpuppenpro.com\/rueckgaberecht\/#breadcrumb\",\"itemListElement\":[{\"@type\":\"ListItem\",\"position\":1,\"name\":\"Home\",\"item\":\"https:\/\/www.sexpuppenpro.com\/\"},{\"@type\":\"ListItem\",\"position\":2,\"name\":\"R\u00fcckgaberecht\"}]},{\"@type\":\"WebSite\",\"@id\":\"https:\/\/www.sexpuppenpro.com\/#website\",\"url\":\"https:\/\/www.sexpuppenpro.com\/\",\"name\":\"SEXPUPPENPRO\",\"description\":\"\",\"publisher\":{\"@id\":\"https:\/\/www.sexpuppenpro.com\/#organization\"},\"potentialAction\":[{\"@type\":\"SearchAction\",\"target\":{\"@type\":\"EntryPoint\",\"urlTemplate\":\"https:\/\/www.sexpuppenpro.com\/?s={search_term_string}\"},\"query-input\":{\"@type\":\"PropertyValueSpecification\",\"valueRequired\":true,\"valueName\":\"search_term_string\"}}],\"inLanguage\":\"fr-FR\"},{\"@type\":\"Organization\",\"@id\":\"https:\/\/www.sexpuppenpro.com\/#organization\",\"name\":\"SEXPUPPENPRO\",\"url\":\"https:\/\/www.sexpuppenpro.com\/\",\"logo\":{\"@type\":\"ImageObject\",\"inLanguage\":\"fr-FR\",\"@id\":\"https:\/\/www.sexpuppenpro.com\/#\/schema\/logo\/image\/\",\"url\":\"https:\/\/www.sexpuppenpro.com\/wp-content\/uploads\/2024\/03\/cropped-sexpuppenpro-logo-2.png\",\"contentUrl\":\"https:\/\/www.sexpuppenpro.com\/wp-content\/uploads\/2024\/03\/cropped-sexpuppenpro-logo-2.png\",\"width\":900,\"height\":300,\"caption\":\"SEXPUPPENPRO\"},\"image\":{\"@id\":\"https:\/\/www.sexpuppenpro.com\/#\/schema\/logo\/image\/\"}}]}<\/script>\n<!-- \/ Yoast SEO plugin. -->","yoast_head_json":{"title":"Droit de retour - SEXPUPPENPRO","description":"Pour nous assurer que vous recevez la meilleure poup\u00e9e, nous contr\u00f4lons strictement le processus de fabrication des poup\u00e9es et les v\u00e9rifions avant de les envoyer. - SEXPUPENPRO","robots":{"index":"index","follow":"follow","max-snippet":"max-snippet:-1","max-image-preview":"max-image-preview:large","max-video-preview":"max-video-preview:-1"},"canonical":"https:\/\/www.sexpuppenpro.com\/fr\/droit-de-retour\/","og_locale":"fr_FR","og_type":"article","og_title":"R\u00fcckgaberecht - SEXPUPPENPRO","og_description":"Um sicherzustellen, dass Sie die beste Puppe erhalten, kontrollieren wir den Herstellungsprozess der Puppen streng und pr\u00fcfen sie vor dem Versand. - SEXPUPPENPRO","og_url":"https:\/\/www.sexpuppenpro.com\/fr\/droit-de-retour\/","og_site_name":"SEXPUPPENPRO","article_modified_time":"2024-03-12T09:36:43+00:00","twitter_card":"summary_large_image","twitter_misc":{"Dur\u00e9e de lecture estim\u00e9e":"2 minutes"},"schema":{"@context":"https:\/\/schema.org","@graph":[{"@type":"WebPage","@id":"https:\/\/www.sexpuppenpro.com\/rueckgaberecht\/","url":"https:\/\/www.sexpuppenpro.com\/rueckgaberecht\/","name":"Droit de retour - SEXPUPPENPRO","isPartOf":{"@id":"https:\/\/www.sexpuppenpro.com\/#website"},"datePublished":"2024-03-12T09:36:40+00:00","dateModified":"2024-03-12T09:36:43+00:00","description":"Pour nous assurer que vous recevez la meilleure poup\u00e9e, nous contr\u00f4lons strictement le processus de fabrication des poup\u00e9es et les v\u00e9rifions avant de les envoyer. - SEXPUPENPRO","breadcrumb":{"@id":"https:\/\/www.sexpuppenpro.com\/rueckgaberecht\/#breadcrumb"},"inLanguage":"fr-FR","potentialAction":[{"@type":"ReadAction","target":["https:\/\/www.sexpuppenpro.com\/rueckgaberecht\/"]}]},{"@type":"BreadcrumbList","@id":"https:\/\/www.sexpuppenpro.com\/rueckgaberecht\/#breadcrumb","itemListElement":[{"@type":"ListItem","position":1,"name":"Home","item":"https:\/\/www.sexpuppenpro.com\/"},{"@type":"ListItem","position":2,"name":"R\u00fcckgaberecht"}]},{"@type":"WebSite","@id":"https:\/\/www.sexpuppenpro.com\/#website","url":"https:\/\/www.sexpuppenpro.com\/","name":"SEXPUPPENPRO","description":"","publisher":{"@id":"https:\/\/www.sexpuppenpro.com\/#organization"},"potentialAction":[{"@type":"SearchAction","target":{"@type":"EntryPoint","urlTemplate":"https:\/\/www.sexpuppenpro.com\/?s={search_term_string}"},"query-input":{"@type":"PropertyValueSpecification","valueRequired":true,"valueName":"search_term_string"}}],"inLanguage":"fr-FR"},{"@type":"Organization","@id":"https:\/\/www.sexpuppenpro.com\/#organization","name":"SEXPUPPENPRO","url":"https:\/\/www.sexpuppenpro.com\/","logo":{"@type":"ImageObject","inLanguage":"fr-FR","@id":"https:\/\/www.sexpuppenpro.com\/#\/schema\/logo\/image\/","url":"https:\/\/www.sexpuppenpro.com\/wp-content\/uploads\/2024\/03\/cropped-sexpuppenpro-logo-2.png","contentUrl":"https:\/\/www.sexpuppenpro.com\/wp-content\/uploads\/2024\/03\/cropped-sexpuppenpro-logo-2.png","width":900,"height":300,"caption":"SEXPUPPENPRO"},"image":{"@id":"https:\/\/www.sexpuppenpro.com\/#\/schema\/logo\/image\/"}}]}},"_links":{"self":[{"href":"https:\/\/www.sexpuppenpro.com\/fr\/wp-json\/wp\/v2\/pages\/2312","targetHints":{"allow":["GET"]}}],"collection":[{"href":"https:\/\/www.sexpuppenpro.com\/fr\/wp-json\/wp\/v2\/pages"}],"about":[{"href":"https:\/\/www.sexpuppenpro.com\/fr\/wp-json\/wp\/v2\/types\/page"}],"author":[{"embeddable":true,"href":"https:\/\/www.sexpuppenpro.com\/fr\/wp-json\/wp\/v2\/users\/1"}],"replies":[{"embeddable":true,"href":"https:\/\/www.sexpuppenpro.com\/fr\/wp-json\/wp\/v2\/comments?post=2312"}],"version-history":[{"count":2,"href":"https:\/\/www.sexpuppenpro.com\/fr\/wp-json\/wp\/v2\/pages\/2312\/revisions"}],"predecessor-version":[{"id":2317,"href":"https:\/\/www.sexpuppenpro.com\/fr\/wp-json\/wp\/v2\/pages\/2312\/revisions\/2317"}],"wp:attachment":[{"href":"https:\/\/www.sexpuppenpro.com\/fr\/wp-json\/wp\/v2\/media?parent=2312"}],"curies":[{"name":"wp","href":"https:\/\/api.w.org\/{rel}","templated":true}]}}