{"id":19733,"date":"2024-09-09T06:59:41","date_gmt":"2024-09-09T06:59:41","guid":{"rendered":"https:\/\/www.sexpuppenpro.com\/?page_id=19733"},"modified":"2025-01-06T02:07:08","modified_gmt":"2025-01-06T02:07:08","slug":"tags-de-poupees-sexuelles","status":"publish","type":"page","link":"https:\/\/www.sexpuppenpro.com\/fr\/tags-de-poupees-sexuelles\/","title":{"rendered":"Tags de poup\u00e9es sexuelles"},"content":{"rendered":"<p>Une poup\u00e9e sexuelle, \u00e9galement appel\u00e9e poup\u00e9e d'amour ou poup\u00e9e adulte, est un jouet sexuel dont la forme et la taille ressemblent \u00e0 celles d'un partenaire sexuel et qui est utilis\u00e9 pour aider \u00e0 la masturbation ou \u00e0 d'autres activit\u00e9s sexuelles. Ces poup\u00e9es sexuelles peuvent \u00eatre fabriqu\u00e9es dans diff\u00e9rents mat\u00e9riaux comme le silicone, le TPE (\u00e9lastom\u00e8re thermoplastique) et \u00eatre disponibles dans diff\u00e9rentes formes, tailles et caract\u00e9ristiques.<\/p>\n\n\n\n<p>Les poup\u00e9es sexuelles peuvent \u00eatre utilis\u00e9es pour la satisfaction sexuelle, la camaraderie ou comme forme d'accomplissement du fantasme. Elles sont con\u00e7ues pour simuler l'apparence et le toucher d'un partenaire humain et poss\u00e8dent souvent des caract\u00e9ristiques personnalisables telles que diff\u00e9rents types de corps, traits du visage, couleurs de cheveux, etc.<\/p>\n\n\n\n<p>La page actuelle rassemble de nombreux tags de poup\u00e9es sexuelles populaires afin d'aider les amateurs de poup\u00e9es \u00e0 trouver la poup\u00e9e adulte qui leur convient.<\/p>\n\n\n\n<p><\/p>\n\n\n\n<figure class=\"wp-block-table\"><table class=\"has-fixed-layout\"><tbody><tr><td>par pays<\/td><td><a href=\"https:\/\/www.sexpuppenpro.com\/fr\/\">SEXPUPPENPRO.COM FR<\/a><\/td><td><a href=\"https:\/\/www.sexpuppenpro.com\/en\/\">SEXPUPPENPRO.COM EN<\/a><\/td><td><a href=\"https:\/\/www.sexpuppenpro.com\/fr\/\">SEXPUPPENPRO.COM FR<\/a><\/td><\/tr><tr><td><a href=\"https:\/\/www.sexpuppenpro.com\/it\/\">SEXPUPPENPRO.COM IT<\/a><\/td><td><a href=\"https:\/\/www.sexpuppenpro.com\/es\/\">SEXPUPPENPRO.COM ES<\/a><\/td><td><a href=\"https:\/\/www.sexpuppenpro.com\/fr\/boutique\/\">Tous les produits<\/a><\/td><td><\/td><\/tr><\/tbody><\/table><\/figure>","protected":false},"excerpt":{"rendered":"<p>Une poup\u00e9e sexuelle, \u00e9galement appel\u00e9e poup\u00e9e d'amour ou poup\u00e9e adulte, est un jouet sexuel dont la forme et la taille ressemblent \u00e0 celles d'un partenaire sexuel et qui est utilis\u00e9 pour aider \u00e0 la masturbation ou \u00e0 d'autres activit\u00e9s sexuelles. Ces poup\u00e9es sexuelles peuvent \u00eatre fabriqu\u00e9es dans diff\u00e9rents mat\u00e9riaux tels que le silicone, le TPE (\u00e9lastom\u00e8re thermoplastique) et \u00eatre disponibles dans diff\u00e9rentes formes, tailles et caract\u00e9ristiques. Les poup\u00e9es sexuelles peuvent \u00eatre utilis\u00e9es pour [...]<\/p>","protected":false},"author":1,"featured_media":0,"parent":0,"menu_order":26,"comment_status":"closed","ping_status":"closed","template":"","meta":{"site-sidebar-layout":"default","site-content-layout":"","ast-site-content-layout":"default","site-content-style":"default","site-sidebar-style":"default","ast-global-header-display":"","ast-banner-title-visibility":"","ast-main-header-display":"","ast-hfb-above-header-display":"","ast-hfb-below-header-display":"","ast-hfb-mobile-header-display":"","site-post-title":"","ast-breadcrumbs-content":"","ast-featured-img":"","footer-sml-layout":"","ast-disable-related-posts":"","theme-transparent-header-meta":"","adv-header-id-meta":"","stick-header-meta":"","header-above-stick-meta":"","header-main-stick-meta":"","header-below-stick-meta":"","astra-migrate-meta-layouts":"set","ast-page-background-enabled":"default","ast-page-background-meta":{"desktop":{"background-color":"","background-image":"","background-repeat":"repeat","background-position":"center center","background-size":"auto","background-attachment":"scroll","background-type":"","background-media":"","overlay-type":"","overlay-color":"","overlay-opacity":"","overlay-gradient":""},"tablet":{"background-color":"","background-image":"","background-repeat":"repeat","background-position":"center center","background-size":"auto","background-attachment":"scroll","background-type":"","background-media":"","overlay-type":"","overlay-color":"","overlay-opacity":"","overlay-gradient":""},"mobile":{"background-color":"","background-image":"","background-repeat":"repeat","background-position":"center center","background-size":"auto","background-attachment":"scroll","background-type":"","background-media":"","overlay-type":"","overlay-color":"","overlay-opacity":"","overlay-gradient":""}},"ast-content-background-meta":{"desktop":{"background-color":"var(--ast-global-color-4)","background-image":"","background-repeat":"repeat","background-position":"center center","background-size":"auto","background-attachment":"scroll","background-type":"","background-media":"","overlay-type":"","overlay-color":"","overlay-opacity":"","overlay-gradient":""},"tablet":{"background-color":"var(--ast-global-color-4)","background-image":"","background-repeat":"repeat","background-position":"center center","background-size":"auto","background-attachment":"scroll","background-type":"","background-media":"","overlay-type":"","overlay-color":"","overlay-opacity":"","overlay-gradient":""},"mobile":{"background-color":"var(--ast-global-color-4)","background-image":"","background-repeat":"repeat","background-position":"center center","background-size":"auto","background-attachment":"scroll","background-type":"","background-media":"","overlay-type":"","overlay-color":"","overlay-opacity":"","overlay-gradient":""}},"footnotes":""},"class_list":["post-19733","page","type-page","status-publish","hentry"],"yoast_head":"<!-- This site is optimized with the Yoast SEO plugin v24.1 - https:\/\/yoast.com\/wordpress\/plugins\/seo\/ -->\n<title>Sexpuppen-Tags: Die aktuelle Seite sammelt viele beliebte Sexpuppen-Tags, um Puppenliebhabern dabei zu helfen, die f\u00fcr sie richtige Erwachsenenpuppe zu finden - SEXPUPPENPRO<\/title>\n<meta name=\"description\" content=\"Sexpuppen k\u00f6nnen zur sexuellen Befriedigung, zur Kameradschaft oder als Form der Fantasieerf\u00fcllung verwendet werden. Sie sind so konzipiert, dass sie das Aussehen und die Haptik eines menschlichen Partners simulieren und verf\u00fcgen h\u00e4ufig \u00fcber anpassbare Merkmale wie unterschiedliche K\u00f6rpertypen, Gesichtsz\u00fcge, Haarfarben usw.\" \/>\n<meta name=\"robots\" content=\"index, follow, max-snippet:-1, max-image-preview:large, max-video-preview:-1\" \/>\n<link rel=\"canonical\" href=\"https:\/\/www.sexpuppenpro.com\/fr\/tags-de-poupees-sexuelles\/\" \/>\n<meta property=\"og:locale\" content=\"fr_FR\" \/>\n<meta property=\"og:type\" content=\"article\" \/>\n<meta property=\"og:title\" content=\"Sexpuppen-Tags: Die aktuelle Seite sammelt viele beliebte Sexpuppen-Tags, um Puppenliebhabern dabei zu helfen, die f\u00fcr sie richtige Erwachsenenpuppe zu finden - SEXPUPPENPRO\" \/>\n<meta property=\"og:description\" content=\"Sexpuppen k\u00f6nnen zur sexuellen Befriedigung, zur Kameradschaft oder als Form der Fantasieerf\u00fcllung verwendet werden. Sie sind so konzipiert, dass sie das Aussehen und die Haptik eines menschlichen Partners simulieren und verf\u00fcgen h\u00e4ufig \u00fcber anpassbare Merkmale wie unterschiedliche K\u00f6rpertypen, Gesichtsz\u00fcge, Haarfarben usw.\" \/>\n<meta property=\"og:url\" content=\"https:\/\/www.sexpuppenpro.com\/fr\/tags-de-poupees-sexuelles\/\" \/>\n<meta property=\"og:site_name\" content=\"SEXPUPPENPRO\" \/>\n<meta property=\"article:modified_time\" content=\"2025-01-06T02:07:08+00:00\" \/>\n<meta name=\"twitter:card\" content=\"summary_large_image\" \/>\n<meta name=\"twitter:label1\" content=\"Dur\u00e9e de lecture estim\u00e9e\" \/>\n\t<meta name=\"twitter:data1\" content=\"1 minute\" \/>\n<script type=\"application\/ld+json\" class=\"yoast-schema-graph\">{\"@context\":\"https:\/\/schema.org\",\"@graph\":[{\"@type\":\"WebPage\",\"@id\":\"https:\/\/www.sexpuppenpro.com\/sexpuppen-tags\/\",\"url\":\"https:\/\/www.sexpuppenpro.com\/sexpuppen-tags\/\",\"name\":\"Sexpuppen-Tags: Die aktuelle Seite sammelt viele beliebte Sexpuppen-Tags, um Puppenliebhabern dabei zu helfen, die f\u00fcr sie richtige Erwachsenenpuppe zu finden - SEXPUPPENPRO\",\"isPartOf\":{\"@id\":\"https:\/\/www.sexpuppenpro.com\/#website\"},\"datePublished\":\"2024-09-09T06:59:41+00:00\",\"dateModified\":\"2025-01-06T02:07:08+00:00\",\"description\":\"Sexpuppen k\u00f6nnen zur sexuellen Befriedigung, zur Kameradschaft oder als Form der Fantasieerf\u00fcllung verwendet werden. Sie sind so konzipiert, dass sie das Aussehen und die Haptik eines menschlichen Partners simulieren und verf\u00fcgen h\u00e4ufig \u00fcber anpassbare Merkmale wie unterschiedliche K\u00f6rpertypen, Gesichtsz\u00fcge, Haarfarben usw.\",\"breadcrumb\":{\"@id\":\"https:\/\/www.sexpuppenpro.com\/sexpuppen-tags\/#breadcrumb\"},\"inLanguage\":\"fr-FR\",\"potentialAction\":[{\"@type\":\"ReadAction\",\"target\":[\"https:\/\/www.sexpuppenpro.com\/sexpuppen-tags\/\"]}]},{\"@type\":\"BreadcrumbList\",\"@id\":\"https:\/\/www.sexpuppenpro.com\/sexpuppen-tags\/#breadcrumb\",\"itemListElement\":[{\"@type\":\"ListItem\",\"position\":1,\"name\":\"Home\",\"item\":\"https:\/\/www.sexpuppenpro.com\/\"},{\"@type\":\"ListItem\",\"position\":2,\"name\":\"Sexpuppen-Tags\"}]},{\"@type\":\"WebSite\",\"@id\":\"https:\/\/www.sexpuppenpro.com\/#website\",\"url\":\"https:\/\/www.sexpuppenpro.com\/\",\"name\":\"SEXPUPPENPRO\",\"description\":\"\",\"publisher\":{\"@id\":\"https:\/\/www.sexpuppenpro.com\/#organization\"},\"potentialAction\":[{\"@type\":\"SearchAction\",\"target\":{\"@type\":\"EntryPoint\",\"urlTemplate\":\"https:\/\/www.sexpuppenpro.com\/?s={search_term_string}\"},\"query-input\":{\"@type\":\"PropertyValueSpecification\",\"valueRequired\":true,\"valueName\":\"search_term_string\"}}],\"inLanguage\":\"fr-FR\"},{\"@type\":\"Organization\",\"@id\":\"https:\/\/www.sexpuppenpro.com\/#organization\",\"name\":\"SEXPUPPENPRO\",\"url\":\"https:\/\/www.sexpuppenpro.com\/\",\"logo\":{\"@type\":\"ImageObject\",\"inLanguage\":\"fr-FR\",\"@id\":\"https:\/\/www.sexpuppenpro.com\/#\/schema\/logo\/image\/\",\"url\":\"https:\/\/www.sexpuppenpro.com\/wp-content\/uploads\/2024\/03\/cropped-sexpuppenpro-logo-2.png\",\"contentUrl\":\"https:\/\/www.sexpuppenpro.com\/wp-content\/uploads\/2024\/03\/cropped-sexpuppenpro-logo-2.png\",\"width\":900,\"height\":300,\"caption\":\"SEXPUPPENPRO\"},\"image\":{\"@id\":\"https:\/\/www.sexpuppenpro.com\/#\/schema\/logo\/image\/\"}}]}<\/script>\n<!-- \/ Yoast SEO plugin. -->","yoast_head_json":{"title":"Tags de poup\u00e9es sexuelles : la page actuelle rassemble de nombreux tags de poup\u00e9es sexuelles populaires afin d'aider les amateurs de poup\u00e9es \u00e0 trouver la poup\u00e9e adulte qui leur convient - SEXPUPPENPRO","description":"Les poup\u00e9es sexuelles peuvent \u00eatre utilis\u00e9es pour la satisfaction sexuelle, la camaraderie ou comme forme d'accomplissement du fantasme. Elles sont con\u00e7ues pour simuler l'apparence et le toucher d'un partenaire humain et poss\u00e8dent souvent des caract\u00e9ristiques personnalisables telles que diff\u00e9rents types de corps, traits du visage, couleurs de cheveux, etc.","robots":{"index":"index","follow":"follow","max-snippet":"max-snippet:-1","max-image-preview":"max-image-preview:large","max-video-preview":"max-video-preview:-1"},"canonical":"https:\/\/www.sexpuppenpro.com\/fr\/tags-de-poupees-sexuelles\/","og_locale":"fr_FR","og_type":"article","og_title":"Sexpuppen-Tags: Die aktuelle Seite sammelt viele beliebte Sexpuppen-Tags, um Puppenliebhabern dabei zu helfen, die f\u00fcr sie richtige Erwachsenenpuppe zu finden - SEXPUPPENPRO","og_description":"Sexpuppen k\u00f6nnen zur sexuellen Befriedigung, zur Kameradschaft oder als Form der Fantasieerf\u00fcllung verwendet werden. Sie sind so konzipiert, dass sie das Aussehen und die Haptik eines menschlichen Partners simulieren und verf\u00fcgen h\u00e4ufig \u00fcber anpassbare Merkmale wie unterschiedliche K\u00f6rpertypen, Gesichtsz\u00fcge, Haarfarben usw.","og_url":"https:\/\/www.sexpuppenpro.com\/fr\/tags-de-poupees-sexuelles\/","og_site_name":"SEXPUPPENPRO","article_modified_time":"2025-01-06T02:07:08+00:00","twitter_card":"summary_large_image","twitter_misc":{"Dur\u00e9e de lecture estim\u00e9e":"1 minute"},"schema":{"@context":"https:\/\/schema.org","@graph":[{"@type":"WebPage","@id":"https:\/\/www.sexpuppenpro.com\/sexpuppen-tags\/","url":"https:\/\/www.sexpuppenpro.com\/sexpuppen-tags\/","name":"Tags de poup\u00e9es sexuelles : la page actuelle rassemble de nombreux tags de poup\u00e9es sexuelles populaires afin d'aider les amateurs de poup\u00e9es \u00e0 trouver la poup\u00e9e adulte qui leur convient - SEXPUPPENPRO","isPartOf":{"@id":"https:\/\/www.sexpuppenpro.com\/#website"},"datePublished":"2024-09-09T06:59:41+00:00","dateModified":"2025-01-06T02:07:08+00:00","description":"Les poup\u00e9es sexuelles peuvent \u00eatre utilis\u00e9es pour la satisfaction sexuelle, la camaraderie ou comme forme d'accomplissement du fantasme. Elles sont con\u00e7ues pour simuler l'apparence et le toucher d'un partenaire humain et poss\u00e8dent souvent des caract\u00e9ristiques personnalisables telles que diff\u00e9rents types de corps, traits du visage, couleurs de cheveux, etc.","breadcrumb":{"@id":"https:\/\/www.sexpuppenpro.com\/sexpuppen-tags\/#breadcrumb"},"inLanguage":"fr-FR","potentialAction":[{"@type":"ReadAction","target":["https:\/\/www.sexpuppenpro.com\/sexpuppen-tags\/"]}]},{"@type":"BreadcrumbList","@id":"https:\/\/www.sexpuppenpro.com\/sexpuppen-tags\/#breadcrumb","itemListElement":[{"@type":"ListItem","position":1,"name":"Home","item":"https:\/\/www.sexpuppenpro.com\/"},{"@type":"ListItem","position":2,"name":"Sexpuppen-Tags"}]},{"@type":"WebSite","@id":"https:\/\/www.sexpuppenpro.com\/#website","url":"https:\/\/www.sexpuppenpro.com\/","name":"SEXPUPPENPRO","description":"","publisher":{"@id":"https:\/\/www.sexpuppenpro.com\/#organization"},"potentialAction":[{"@type":"SearchAction","target":{"@type":"EntryPoint","urlTemplate":"https:\/\/www.sexpuppenpro.com\/?s={search_term_string}"},"query-input":{"@type":"PropertyValueSpecification","valueRequired":true,"valueName":"search_term_string"}}],"inLanguage":"fr-FR"},{"@type":"Organization","@id":"https:\/\/www.sexpuppenpro.com\/#organization","name":"SEXPUPPENPRO","url":"https:\/\/www.sexpuppenpro.com\/","logo":{"@type":"ImageObject","inLanguage":"fr-FR","@id":"https:\/\/www.sexpuppenpro.com\/#\/schema\/logo\/image\/","url":"https:\/\/www.sexpuppenpro.com\/wp-content\/uploads\/2024\/03\/cropped-sexpuppenpro-logo-2.png","contentUrl":"https:\/\/www.sexpuppenpro.com\/wp-content\/uploads\/2024\/03\/cropped-sexpuppenpro-logo-2.png","width":900,"height":300,"caption":"SEXPUPPENPRO"},"image":{"@id":"https:\/\/www.sexpuppenpro.com\/#\/schema\/logo\/image\/"}}]}},"_links":{"self":[{"href":"https:\/\/www.sexpuppenpro.com\/fr\/wp-json\/wp\/v2\/pages\/19733","targetHints":{"allow":["GET"]}}],"collection":[{"href":"https:\/\/www.sexpuppenpro.com\/fr\/wp-json\/wp\/v2\/pages"}],"about":[{"href":"https:\/\/www.sexpuppenpro.com\/fr\/wp-json\/wp\/v2\/types\/page"}],"author":[{"embeddable":true,"href":"https:\/\/www.sexpuppenpro.com\/fr\/wp-json\/wp\/v2\/users\/1"}],"replies":[{"embeddable":true,"href":"https:\/\/www.sexpuppenpro.com\/fr\/wp-json\/wp\/v2\/comments?post=19733"}],"version-history":[{"count":66,"href":"https:\/\/www.sexpuppenpro.com\/fr\/wp-json\/wp\/v2\/pages\/19733\/revisions"}],"predecessor-version":[{"id":26202,"href":"https:\/\/www.sexpuppenpro.com\/fr\/wp-json\/wp\/v2\/pages\/19733\/revisions\/26202"}],"wp:attachment":[{"href":"https:\/\/www.sexpuppenpro.com\/fr\/wp-json\/wp\/v2\/media?parent=19733"}],"curies":[{"name":"wp","href":"https:\/\/api.w.org\/{rel}","templated":true}]}}