{"id":3,"date":"2024-03-06T06:08:33","date_gmt":"2024-03-06T06:08:33","guid":{"rendered":"https:\/\/www.sexpuppenpro.com\/?page_id=3"},"modified":"2024-10-30T06:03:58","modified_gmt":"2024-10-30T06:03:58","slug":"disposiciones-sobre-proteccion-de-datos","status":"publish","type":"page","link":"https:\/\/www.sexpuppenpro.com\/es\/disposiciones-sobre-proteccion-de-datos\/","title":{"rendered":"Disposiciones sobre protecci\u00f3n de datos"},"content":{"rendered":"<p>*Al igual que con el sitio web, reconocemos la importancia de la privacidad individual de los clientes. Por ello, le rogamos que respete siempre la normativa nacional sobre protecci\u00f3n de datos que figura en nuestro sitio web. Tambi\u00e9n intentamos mejorar nuestros procesos para proteger la privacidad de nuestros clientes. Seguiremos mejorando nuestros m\u00e9todos para proteger la privacidad de nuestros clientes.<\/p>\n\n\n\n<p><strong>*Sistema de protecci\u00f3n de datos<\/strong><\/p>\n\n\n\n<p>*El respeto a la privacidad de los usuarios es una pol\u00edtica fundamental de este sitio web. Por lo tanto, este sitio web no autoriza a los usuarios a abrir, editar o divulgar sus datos de registro ni a almacenar contenido no p\u00fablico en este sitio web. Los datos s\u00f3lo se utilizar\u00e1n para el fin declarado de su recogida. Para otros fines, obtendremos previamente su consentimiento.<\/p>\n\n\n\n<p><strong>*Protecci\u00f3n de datos<\/strong><\/p>\n\n\n\n<p>*Este sitio web reconoce que los usuarios registrados que faciliten parte o la totalidad de su informaci\u00f3n personal (incluidos nombre, n\u00famero de tel\u00e9fono, direcci\u00f3n de correo electr\u00f3nico y postal, etc.) en este sitio web ser\u00e1n respetados y protegidos.<\/p>\n\n\n\n<p>*Los usuarios registrados pueden notificarnos cambios en la informaci\u00f3n de usuario registrado en cualquier momento, como cambios de direcci\u00f3n, ubicaci\u00f3n, n\u00famero de tel\u00e9fono o direcci\u00f3n de correo electr\u00f3nico, para ayudar a nuestro sitio web a garantizar la exactitud de la informaci\u00f3n personal de los usuarios registrados. Trabajaremos duro para proteger la informaci\u00f3n personal y la privacidad de los usuarios registrados y garantizar la seguridad de sus datos.<\/p>\n\n\n\n<p><strong>*Seguridad de la informaci\u00f3n<\/strong><\/p>\n\n\n\n<p>*Este sitio web se compromete a proteger la seguridad de su informaci\u00f3n personal y a tomar las medidas de seguridad adecuadas para proteger su informaci\u00f3n personal del acceso, uso o divulgaci\u00f3n no autorizados. Informaci\u00f3n exacta Nos esforzaremos por proporcionarle los medios adecuados y convenientes para confirmar y corregir cualquier informaci\u00f3n inexacta o para actualizar la informaci\u00f3n que nos haya proporcionado. La Empresa no comparte esta informaci\u00f3n con terceros.<\/p>\n\n\n\n<p><strong>*Modificaciones del acuerdo de protecci\u00f3n de datos<\/strong><\/p>\n\n\n\n<p>*Esta pol\u00edtica de privacidad puede modificarse en cualquier momento y por cualquier motivo. En ese caso, el uso de la informaci\u00f3n que recopilemos se regir\u00e1 por el prop\u00f3sito real para el que se recopil\u00f3 la informaci\u00f3n o por el Acuerdo de privacidad. Si cambiamos la forma en que utilizamos la informaci\u00f3n, se lo notificaremos por correo electr\u00f3nico o publicando un aviso en este sitio web. Los usuarios quedar\u00e1n obligados por cualquier cambio en esta Pol\u00edtica de Privacidad cuando utilicen el sitio web despu\u00e9s de que dichos cambios se publiquen por primera vez.<\/p>","protected":false},"excerpt":{"rendered":"<p>*Al igual que con el sitio web, reconocemos la importancia de la privacidad individual de los clientes. Por ello, le rogamos que respete siempre la normativa nacional sobre protecci\u00f3n de datos que figura en nuestro sitio web. Tambi\u00e9n intentamos mejorar nuestros procesos para proteger la privacidad de nuestros clientes. Seguiremos mejorando nuestros m\u00e9todos para proteger la privacidad de nuestros clientes. *Sistema de protecci\u00f3n de datos *El [...]<\/p>","protected":false},"author":1,"featured_media":0,"parent":0,"menu_order":21,"comment_status":"closed","ping_status":"open","template":"","meta":{"site-sidebar-layout":"default","site-content-layout":"","ast-site-content-layout":"default","site-content-style":"default","site-sidebar-style":"default","ast-global-header-display":"","ast-banner-title-visibility":"","ast-main-header-display":"","ast-hfb-above-header-display":"","ast-hfb-below-header-display":"","ast-hfb-mobile-header-display":"","site-post-title":"","ast-breadcrumbs-content":"","ast-featured-img":"","footer-sml-layout":"","theme-transparent-header-meta":"","adv-header-id-meta":"","stick-header-meta":"","header-above-stick-meta":"","header-main-stick-meta":"","header-below-stick-meta":"","astra-migrate-meta-layouts":"set","ast-page-background-enabled":"default","ast-page-background-meta":{"desktop":{"background-color":"","background-image":"","background-repeat":"repeat","background-position":"center center","background-size":"auto","background-attachment":"scroll","background-type":"","background-media":"","overlay-type":"","overlay-color":"","overlay-opacity":"","overlay-gradient":""},"tablet":{"background-color":"","background-image":"","background-repeat":"repeat","background-position":"center center","background-size":"auto","background-attachment":"scroll","background-type":"","background-media":"","overlay-type":"","overlay-color":"","overlay-opacity":"","overlay-gradient":""},"mobile":{"background-color":"","background-image":"","background-repeat":"repeat","background-position":"center center","background-size":"auto","background-attachment":"scroll","background-type":"","background-media":"","overlay-type":"","overlay-color":"","overlay-opacity":"","overlay-gradient":""}},"ast-content-background-meta":{"desktop":{"background-color":"var(--ast-global-color-5)","background-image":"","background-repeat":"repeat","background-position":"center center","background-size":"auto","background-attachment":"scroll","background-type":"","background-media":"","overlay-type":"","overlay-color":"","overlay-opacity":"","overlay-gradient":""},"tablet":{"background-color":"var(--ast-global-color-5)","background-image":"","background-repeat":"repeat","background-position":"center center","background-size":"auto","background-attachment":"scroll","background-type":"","background-media":"","overlay-type":"","overlay-color":"","overlay-opacity":"","overlay-gradient":""},"mobile":{"background-color":"var(--ast-global-color-5)","background-image":"","background-repeat":"repeat","background-position":"center center","background-size":"auto","background-attachment":"scroll","background-type":"","background-media":"","overlay-type":"","overlay-color":"","overlay-opacity":"","overlay-gradient":""}},"footnotes":""},"class_list":["post-3","page","type-page","status-publish","hentry"],"yoast_head":"<!-- This site is optimized with the Yoast SEO plugin v24.1 - https:\/\/yoast.com\/wordpress\/plugins\/seo\/ -->\n<title>Datenschutz Bestimmungen - SEXPUPPENPRO<\/title>\n<meta name=\"description\" content=\"Wir werden den Schutz der Privatsph\u00e4re unserer Kunden weiter verbessern. - SEXPUPPENPRO\" \/>\n<meta name=\"robots\" content=\"index, follow, max-snippet:-1, max-image-preview:large, max-video-preview:-1\" \/>\n<link rel=\"canonical\" href=\"https:\/\/www.sexpuppenpro.com\/es\/disposiciones-sobre-proteccion-de-datos\/\" \/>\n<meta property=\"og:locale\" content=\"es_ES\" \/>\n<meta property=\"og:type\" content=\"article\" \/>\n<meta property=\"og:title\" content=\"Datenschutz Bestimmungen - SEXPUPPENPRO\" \/>\n<meta property=\"og:description\" content=\"Wir werden den Schutz der Privatsph\u00e4re unserer Kunden weiter verbessern. - SEXPUPPENPRO\" \/>\n<meta property=\"og:url\" content=\"https:\/\/www.sexpuppenpro.com\/es\/disposiciones-sobre-proteccion-de-datos\/\" \/>\n<meta property=\"og:site_name\" content=\"SEXPUPPENPRO\" \/>\n<meta property=\"article:modified_time\" content=\"2024-10-30T06:03:58+00:00\" \/>\n<meta name=\"twitter:card\" content=\"summary_large_image\" \/>\n<meta name=\"twitter:label1\" content=\"Tiempo de lectura\" \/>\n\t<meta name=\"twitter:data1\" content=\"2 minutos\" \/>\n<script type=\"application\/ld+json\" class=\"yoast-schema-graph\">{\"@context\":\"https:\/\/schema.org\",\"@graph\":[{\"@type\":\"WebPage\",\"@id\":\"https:\/\/www.sexpuppenpro.com\/en\/data-protection-provisions\/\",\"url\":\"https:\/\/www.sexpuppenpro.com\/en\/data-protection-provisions\/\",\"name\":\"Datenschutz Bestimmungen - SEXPUPPENPRO\",\"isPartOf\":{\"@id\":\"https:\/\/www.sexpuppenpro.com\/#website\"},\"datePublished\":\"2024-03-06T06:08:33+00:00\",\"dateModified\":\"2024-10-30T06:03:58+00:00\",\"description\":\"Wir werden den Schutz der Privatsph\u00e4re unserer Kunden weiter verbessern. - SEXPUPPENPRO\",\"breadcrumb\":{\"@id\":\"https:\/\/www.sexpuppenpro.com\/en\/data-protection-provisions\/#breadcrumb\"},\"inLanguage\":\"es\",\"potentialAction\":[{\"@type\":\"ReadAction\",\"target\":[\"https:\/\/www.sexpuppenpro.com\/en\/data-protection-provisions\/\"]}]},{\"@type\":\"BreadcrumbList\",\"@id\":\"https:\/\/www.sexpuppenpro.com\/en\/data-protection-provisions\/#breadcrumb\",\"itemListElement\":[{\"@type\":\"ListItem\",\"position\":1,\"name\":\"Home\",\"item\":\"https:\/\/www.sexpuppenpro.com\/en\/\"},{\"@type\":\"ListItem\",\"position\":2,\"name\":\"Datenschutz Bestimmungen\"}]},{\"@type\":\"WebSite\",\"@id\":\"https:\/\/www.sexpuppenpro.com\/#website\",\"url\":\"https:\/\/www.sexpuppenpro.com\/\",\"name\":\"SEXPUPPENPRO\",\"description\":\"\",\"publisher\":{\"@id\":\"https:\/\/www.sexpuppenpro.com\/#organization\"},\"potentialAction\":[{\"@type\":\"SearchAction\",\"target\":{\"@type\":\"EntryPoint\",\"urlTemplate\":\"https:\/\/www.sexpuppenpro.com\/?s={search_term_string}\"},\"query-input\":{\"@type\":\"PropertyValueSpecification\",\"valueRequired\":true,\"valueName\":\"search_term_string\"}}],\"inLanguage\":\"es\"},{\"@type\":\"Organization\",\"@id\":\"https:\/\/www.sexpuppenpro.com\/#organization\",\"name\":\"SEXPUPPENPRO\",\"url\":\"https:\/\/www.sexpuppenpro.com\/\",\"logo\":{\"@type\":\"ImageObject\",\"inLanguage\":\"es\",\"@id\":\"https:\/\/www.sexpuppenpro.com\/#\/schema\/logo\/image\/\",\"url\":\"https:\/\/www.sexpuppenpro.com\/wp-content\/uploads\/2024\/03\/cropped-sexpuppenpro-logo-2.png\",\"contentUrl\":\"https:\/\/www.sexpuppenpro.com\/wp-content\/uploads\/2024\/03\/cropped-sexpuppenpro-logo-2.png\",\"width\":900,\"height\":300,\"caption\":\"SEXPUPPENPRO\"},\"image\":{\"@id\":\"https:\/\/www.sexpuppenpro.com\/#\/schema\/logo\/image\/\"}}]}<\/script>\n<!-- \/ Yoast SEO plugin. -->","yoast_head_json":{"title":"Pol\u00edtica de privacidad - SEXPUPPENPRO","description":"Seguiremos mejorando la protecci\u00f3n de la privacidad de nuestros clientes. - SEXPUPPENPRO","robots":{"index":"index","follow":"follow","max-snippet":"max-snippet:-1","max-image-preview":"max-image-preview:large","max-video-preview":"max-video-preview:-1"},"canonical":"https:\/\/www.sexpuppenpro.com\/es\/disposiciones-sobre-proteccion-de-datos\/","og_locale":"es_ES","og_type":"article","og_title":"Datenschutz Bestimmungen - SEXPUPPENPRO","og_description":"Wir werden den Schutz der Privatsph\u00e4re unserer Kunden weiter verbessern. - SEXPUPPENPRO","og_url":"https:\/\/www.sexpuppenpro.com\/es\/disposiciones-sobre-proteccion-de-datos\/","og_site_name":"SEXPUPPENPRO","article_modified_time":"2024-10-30T06:03:58+00:00","twitter_card":"summary_large_image","twitter_misc":{"Tiempo de lectura":"2 minutos"},"schema":{"@context":"https:\/\/schema.org","@graph":[{"@type":"WebPage","@id":"https:\/\/www.sexpuppenpro.com\/en\/data-protection-provisions\/","url":"https:\/\/www.sexpuppenpro.com\/en\/data-protection-provisions\/","name":"Pol\u00edtica de privacidad - SEXPUPPENPRO","isPartOf":{"@id":"https:\/\/www.sexpuppenpro.com\/#website"},"datePublished":"2024-03-06T06:08:33+00:00","dateModified":"2024-10-30T06:03:58+00:00","description":"Seguiremos mejorando la protecci\u00f3n de la privacidad de nuestros clientes. - SEXPUPPENPRO","breadcrumb":{"@id":"https:\/\/www.sexpuppenpro.com\/en\/data-protection-provisions\/#breadcrumb"},"inLanguage":"es","potentialAction":[{"@type":"ReadAction","target":["https:\/\/www.sexpuppenpro.com\/en\/data-protection-provisions\/"]}]},{"@type":"BreadcrumbList","@id":"https:\/\/www.sexpuppenpro.com\/en\/data-protection-provisions\/#breadcrumb","itemListElement":[{"@type":"ListItem","position":1,"name":"Home","item":"https:\/\/www.sexpuppenpro.com\/en\/"},{"@type":"ListItem","position":2,"name":"Datenschutz Bestimmungen"}]},{"@type":"WebSite","@id":"https:\/\/www.sexpuppenpro.com\/#website","url":"https:\/\/www.sexpuppenpro.com\/","name":"SEXPUPPENPRO","description":"","publisher":{"@id":"https:\/\/www.sexpuppenpro.com\/#organization"},"potentialAction":[{"@type":"SearchAction","target":{"@type":"EntryPoint","urlTemplate":"https:\/\/www.sexpuppenpro.com\/?s={search_term_string}"},"query-input":{"@type":"PropertyValueSpecification","valueRequired":true,"valueName":"search_term_string"}}],"inLanguage":"es"},{"@type":"Organization","@id":"https:\/\/www.sexpuppenpro.com\/#organization","name":"SEXPUPPENPRO","url":"https:\/\/www.sexpuppenpro.com\/","logo":{"@type":"ImageObject","inLanguage":"es","@id":"https:\/\/www.sexpuppenpro.com\/#\/schema\/logo\/image\/","url":"https:\/\/www.sexpuppenpro.com\/wp-content\/uploads\/2024\/03\/cropped-sexpuppenpro-logo-2.png","contentUrl":"https:\/\/www.sexpuppenpro.com\/wp-content\/uploads\/2024\/03\/cropped-sexpuppenpro-logo-2.png","width":900,"height":300,"caption":"SEXPUPPENPRO"},"image":{"@id":"https:\/\/www.sexpuppenpro.com\/#\/schema\/logo\/image\/"}}]}},"_links":{"self":[{"href":"https:\/\/www.sexpuppenpro.com\/es\/wp-json\/wp\/v2\/pages\/3","targetHints":{"allow":["GET"]}}],"collection":[{"href":"https:\/\/www.sexpuppenpro.com\/es\/wp-json\/wp\/v2\/pages"}],"about":[{"href":"https:\/\/www.sexpuppenpro.com\/es\/wp-json\/wp\/v2\/types\/page"}],"author":[{"embeddable":true,"href":"https:\/\/www.sexpuppenpro.com\/es\/wp-json\/wp\/v2\/users\/1"}],"replies":[{"embeddable":true,"href":"https:\/\/www.sexpuppenpro.com\/es\/wp-json\/wp\/v2\/comments?post=3"}],"version-history":[{"count":2,"href":"https:\/\/www.sexpuppenpro.com\/es\/wp-json\/wp\/v2\/pages\/3\/revisions"}],"predecessor-version":[{"id":23220,"href":"https:\/\/www.sexpuppenpro.com\/es\/wp-json\/wp\/v2\/pages\/3\/revisions\/23220"}],"wp:attachment":[{"href":"https:\/\/www.sexpuppenpro.com\/es\/wp-json\/wp\/v2\/media?parent=3"}],"curies":[{"name":"wp","href":"https:\/\/api.w.org\/{rel}","templated":true}]}}