{"id":2313,"date":"2024-03-12T09:37:41","date_gmt":"2024-03-12T09:37:41","guid":{"rendered":"https:\/\/www.sexpuppenpro.com\/?page_id=2313"},"modified":"2024-03-12T09:37:43","modified_gmt":"2024-03-12T09:37:43","slug":"formaciones-versandinas","status":"publish","type":"page","link":"https:\/\/www.sexpuppenpro.com\/es\/formaciones-versandinas\/","title":{"rendered":"Env\u00edo en formaciones"},"content":{"rendered":"<p>Tramitamos los pedidos en un plazo de 1 a 3 d\u00edas laborables. Recuerde que cerramos los domingos y festivos.<\/p>\n\n\n\n<p>Tan pronto como su pedido haya sido procesado y est\u00e9 listo para el env\u00edo, recibir\u00e1 un n\u00famero de seguimiento y la fecha estimada de entrega.<\/p>\n\n\n\n<p>En cuanto se env\u00ede su pedido, se lo entregaremos en un plazo de 12 d\u00edas.<\/p>\n\n\n\n<p>Utilizamos el env\u00edo a\u00e9reo para que pueda recibir su producto m\u00e1s r\u00e1pidamente. Puede comprobar el estado de su env\u00edo log\u00edstico mediante el n\u00famero de seguimiento log\u00edstico.<\/p>\n\n\n\n<p><strong>Medidas de precauci\u00f3n:<\/strong><\/p>\n\n\n\n<ol class=\"wp-block-list\">\n<li>El plazo de entrega var\u00eda en funci\u00f3n del lugar<\/li>\n\n\n\n<li>El despacho de aduanas puede retrasar la entrega del art\u00edculo<\/li>\n\n\n\n<li>Enviamos en un plazo de 3 d\u00edas tras la aceptaci\u00f3n de su pedido y pago<\/li>\n<\/ol>\n\n\n\n<p><strong>Seguridad vial<\/strong><\/p>\n\n\n\n<p>Su pedido puede seguirse en l\u00ednea y est\u00e1 cubierto por el seguro est\u00e1ndar del servicio de mensajer\u00eda elegido. Una vez entregado el pedido, le enviaremos un n\u00famero de seguimiento. Si la mercanc\u00eda se pierde, resulta da\u00f1ada o se entrega de forma incorrecta, deber\u00e1 notificarlo inmediatamente al transportista. Alternativamente, puede ponerse en contacto con nosotros e investigaremos la posible reclamaci\u00f3n al seguro y le ayudaremos con el proceso. Para ello, es posible que tenga que facilitarnos algunas fotos o documentos relevantes como prueba. Dependiendo de la situaci\u00f3n, tambi\u00e9n consideraremos un reenv\u00edo o un reembolso.<\/p>","protected":false},"excerpt":{"rendered":"<p>Wir bearbeiten Bestellungen innerhalb von 1-3 Werktagen. Bitte denken Sie daran, dass wir an Sonn- und Feiertagen geschlossen haben. Sobald Ihre Bestellung bearbeitet und versandbereit ist, erhalten Sie eine Sendungsverfolgungsnummer und das voraussichtliche Lieferdatum. Sobald Ihre Bestellung versandt wird, liefern wir sie Ihnen innerhalb von 12 Tagen! Wir nutzen den Luftversand, damit Sie Ihr Produkt [&hellip;]<\/p>","protected":false},"author":1,"featured_media":0,"parent":0,"menu_order":31,"comment_status":"closed","ping_status":"closed","template":"","meta":{"site-sidebar-layout":"default","site-content-layout":"","ast-site-content-layout":"default","site-content-style":"default","site-sidebar-style":"default","ast-global-header-display":"","ast-banner-title-visibility":"","ast-main-header-display":"","ast-hfb-above-header-display":"","ast-hfb-below-header-display":"","ast-hfb-mobile-header-display":"","site-post-title":"","ast-breadcrumbs-content":"","ast-featured-img":"","footer-sml-layout":"","theme-transparent-header-meta":"","adv-header-id-meta":"","stick-header-meta":"","header-above-stick-meta":"","header-main-stick-meta":"","header-below-stick-meta":"","astra-migrate-meta-layouts":"set","ast-page-background-enabled":"default","ast-page-background-meta":{"desktop":{"background-color":"","background-image":"","background-repeat":"repeat","background-position":"center center","background-size":"auto","background-attachment":"scroll","background-type":"","background-media":"","overlay-type":"","overlay-color":"","overlay-opacity":"","overlay-gradient":""},"tablet":{"background-color":"","background-image":"","background-repeat":"repeat","background-position":"center center","background-size":"auto","background-attachment":"scroll","background-type":"","background-media":"","overlay-type":"","overlay-color":"","overlay-opacity":"","overlay-gradient":""},"mobile":{"background-color":"","background-image":"","background-repeat":"repeat","background-position":"center center","background-size":"auto","background-attachment":"scroll","background-type":"","background-media":"","overlay-type":"","overlay-color":"","overlay-opacity":"","overlay-gradient":""}},"ast-content-background-meta":{"desktop":{"background-color":"var(--ast-global-color-5)","background-image":"","background-repeat":"repeat","background-position":"center center","background-size":"auto","background-attachment":"scroll","background-type":"","background-media":"","overlay-type":"","overlay-color":"","overlay-opacity":"","overlay-gradient":""},"tablet":{"background-color":"var(--ast-global-color-5)","background-image":"","background-repeat":"repeat","background-position":"center center","background-size":"auto","background-attachment":"scroll","background-type":"","background-media":"","overlay-type":"","overlay-color":"","overlay-opacity":"","overlay-gradient":""},"mobile":{"background-color":"var(--ast-global-color-5)","background-image":"","background-repeat":"repeat","background-position":"center center","background-size":"auto","background-attachment":"scroll","background-type":"","background-media":"","overlay-type":"","overlay-color":"","overlay-opacity":"","overlay-gradient":""}},"footnotes":""},"class_list":["post-2313","page","type-page","status-publish","hentry"],"yoast_head":"<!-- This site is optimized with the Yoast SEO plugin v24.1 - https:\/\/yoast.com\/wordpress\/plugins\/seo\/ -->\n<title>Versandin Formationen - SEXPUPPENPRO<\/title>\n<meta name=\"description\" content=\"Wir bearbeiten Bestellungen innerhalb von 1-3 Werktagen. Bitte denken Sie daran, dass wir an Sonn- und Feiertagen geschlossen haben. - SEXPUPPENPRO\" \/>\n<meta name=\"robots\" content=\"index, follow, max-snippet:-1, max-image-preview:large, max-video-preview:-1\" \/>\n<link rel=\"canonical\" href=\"https:\/\/www.sexpuppenpro.com\/es\/formaciones-versandinas\/\" \/>\n<meta property=\"og:locale\" content=\"es_ES\" \/>\n<meta property=\"og:type\" content=\"article\" \/>\n<meta property=\"og:title\" content=\"Versandin Formationen - SEXPUPPENPRO\" \/>\n<meta property=\"og:description\" content=\"Wir bearbeiten Bestellungen innerhalb von 1-3 Werktagen. Bitte denken Sie daran, dass wir an Sonn- und Feiertagen geschlossen haben. - SEXPUPPENPRO\" \/>\n<meta property=\"og:url\" content=\"https:\/\/www.sexpuppenpro.com\/es\/formaciones-versandinas\/\" \/>\n<meta property=\"og:site_name\" content=\"SEXPUPPENPRO\" \/>\n<meta property=\"article:modified_time\" content=\"2024-03-12T09:37:43+00:00\" \/>\n<meta name=\"twitter:card\" content=\"summary_large_image\" \/>\n<meta name=\"twitter:label1\" content=\"Tiempo de lectura\" \/>\n\t<meta name=\"twitter:data1\" content=\"1 minuto\" \/>\n<script type=\"application\/ld+json\" class=\"yoast-schema-graph\">{\"@context\":\"https:\/\/schema.org\",\"@graph\":[{\"@type\":\"WebPage\",\"@id\":\"https:\/\/www.sexpuppenpro.com\/fr\/informations-sur-lenvoi\/\",\"url\":\"https:\/\/www.sexpuppenpro.com\/fr\/informations-sur-lenvoi\/\",\"name\":\"Versandin Formationen - SEXPUPPENPRO\",\"isPartOf\":{\"@id\":\"https:\/\/www.sexpuppenpro.com\/#website\"},\"datePublished\":\"2024-03-12T09:37:41+00:00\",\"dateModified\":\"2024-03-12T09:37:43+00:00\",\"description\":\"Wir bearbeiten Bestellungen innerhalb von 1-3 Werktagen. Bitte denken Sie daran, dass wir an Sonn- und Feiertagen geschlossen haben. - SEXPUPPENPRO\",\"breadcrumb\":{\"@id\":\"https:\/\/www.sexpuppenpro.com\/fr\/informations-sur-lenvoi\/#breadcrumb\"},\"inLanguage\":\"es\",\"potentialAction\":[{\"@type\":\"ReadAction\",\"target\":[\"https:\/\/www.sexpuppenpro.com\/fr\/informations-sur-lenvoi\/\"]}]},{\"@type\":\"BreadcrumbList\",\"@id\":\"https:\/\/www.sexpuppenpro.com\/fr\/informations-sur-lenvoi\/#breadcrumb\",\"itemListElement\":[{\"@type\":\"ListItem\",\"position\":1,\"name\":\"Home\",\"item\":\"https:\/\/www.sexpuppenpro.com\/en\/\"},{\"@type\":\"ListItem\",\"position\":2,\"name\":\"Versandin Formationen\"}]},{\"@type\":\"WebSite\",\"@id\":\"https:\/\/www.sexpuppenpro.com\/#website\",\"url\":\"https:\/\/www.sexpuppenpro.com\/\",\"name\":\"SEXPUPPENPRO\",\"description\":\"\",\"publisher\":{\"@id\":\"https:\/\/www.sexpuppenpro.com\/#organization\"},\"potentialAction\":[{\"@type\":\"SearchAction\",\"target\":{\"@type\":\"EntryPoint\",\"urlTemplate\":\"https:\/\/www.sexpuppenpro.com\/?s={search_term_string}\"},\"query-input\":{\"@type\":\"PropertyValueSpecification\",\"valueRequired\":true,\"valueName\":\"search_term_string\"}}],\"inLanguage\":\"es\"},{\"@type\":\"Organization\",\"@id\":\"https:\/\/www.sexpuppenpro.com\/#organization\",\"name\":\"SEXPUPPENPRO\",\"url\":\"https:\/\/www.sexpuppenpro.com\/\",\"logo\":{\"@type\":\"ImageObject\",\"inLanguage\":\"es\",\"@id\":\"https:\/\/www.sexpuppenpro.com\/#\/schema\/logo\/image\/\",\"url\":\"https:\/\/www.sexpuppenpro.com\/wp-content\/uploads\/2024\/03\/cropped-sexpuppenpro-logo-2.png\",\"contentUrl\":\"https:\/\/www.sexpuppenpro.com\/wp-content\/uploads\/2024\/03\/cropped-sexpuppenpro-logo-2.png\",\"width\":900,\"height\":300,\"caption\":\"SEXPUPPENPRO\"},\"image\":{\"@id\":\"https:\/\/www.sexpuppenpro.com\/#\/schema\/logo\/image\/\"}}]}<\/script>\n<!-- \/ Yoast SEO plugin. -->","yoast_head_json":{"title":"Formaciones navales - SEXPUPPENPRO","description":"Tramitamos los pedidos en un plazo de 1 a 3 d\u00edas laborables. Recuerde que cerramos los domingos y festivos. - SEXPUPPENPRO","robots":{"index":"index","follow":"follow","max-snippet":"max-snippet:-1","max-image-preview":"max-image-preview:large","max-video-preview":"max-video-preview:-1"},"canonical":"https:\/\/www.sexpuppenpro.com\/es\/formaciones-versandinas\/","og_locale":"es_ES","og_type":"article","og_title":"Versandin Formationen - SEXPUPPENPRO","og_description":"Wir bearbeiten Bestellungen innerhalb von 1-3 Werktagen. Bitte denken Sie daran, dass wir an Sonn- und Feiertagen geschlossen haben. - SEXPUPPENPRO","og_url":"https:\/\/www.sexpuppenpro.com\/es\/formaciones-versandinas\/","og_site_name":"SEXPUPPENPRO","article_modified_time":"2024-03-12T09:37:43+00:00","twitter_card":"summary_large_image","twitter_misc":{"Tiempo de lectura":"1 minuto"},"schema":{"@context":"https:\/\/schema.org","@graph":[{"@type":"WebPage","@id":"https:\/\/www.sexpuppenpro.com\/fr\/informations-sur-lenvoi\/","url":"https:\/\/www.sexpuppenpro.com\/fr\/informations-sur-lenvoi\/","name":"Formaciones navales - SEXPUPPENPRO","isPartOf":{"@id":"https:\/\/www.sexpuppenpro.com\/#website"},"datePublished":"2024-03-12T09:37:41+00:00","dateModified":"2024-03-12T09:37:43+00:00","description":"Tramitamos los pedidos en un plazo de 1 a 3 d\u00edas laborables. Recuerde que cerramos los domingos y festivos. - SEXPUPPENPRO","breadcrumb":{"@id":"https:\/\/www.sexpuppenpro.com\/fr\/informations-sur-lenvoi\/#breadcrumb"},"inLanguage":"es","potentialAction":[{"@type":"ReadAction","target":["https:\/\/www.sexpuppenpro.com\/fr\/informations-sur-lenvoi\/"]}]},{"@type":"BreadcrumbList","@id":"https:\/\/www.sexpuppenpro.com\/fr\/informations-sur-lenvoi\/#breadcrumb","itemListElement":[{"@type":"ListItem","position":1,"name":"Home","item":"https:\/\/www.sexpuppenpro.com\/en\/"},{"@type":"ListItem","position":2,"name":"Versandin Formationen"}]},{"@type":"WebSite","@id":"https:\/\/www.sexpuppenpro.com\/#website","url":"https:\/\/www.sexpuppenpro.com\/","name":"SEXPUPPENPRO","description":"","publisher":{"@id":"https:\/\/www.sexpuppenpro.com\/#organization"},"potentialAction":[{"@type":"SearchAction","target":{"@type":"EntryPoint","urlTemplate":"https:\/\/www.sexpuppenpro.com\/?s={search_term_string}"},"query-input":{"@type":"PropertyValueSpecification","valueRequired":true,"valueName":"search_term_string"}}],"inLanguage":"es"},{"@type":"Organization","@id":"https:\/\/www.sexpuppenpro.com\/#organization","name":"SEXPUPPENPRO","url":"https:\/\/www.sexpuppenpro.com\/","logo":{"@type":"ImageObject","inLanguage":"es","@id":"https:\/\/www.sexpuppenpro.com\/#\/schema\/logo\/image\/","url":"https:\/\/www.sexpuppenpro.com\/wp-content\/uploads\/2024\/03\/cropped-sexpuppenpro-logo-2.png","contentUrl":"https:\/\/www.sexpuppenpro.com\/wp-content\/uploads\/2024\/03\/cropped-sexpuppenpro-logo-2.png","width":900,"height":300,"caption":"SEXPUPPENPRO"},"image":{"@id":"https:\/\/www.sexpuppenpro.com\/#\/schema\/logo\/image\/"}}]}},"_links":{"self":[{"href":"https:\/\/www.sexpuppenpro.com\/es\/wp-json\/wp\/v2\/pages\/2313","targetHints":{"allow":["GET"]}}],"collection":[{"href":"https:\/\/www.sexpuppenpro.com\/es\/wp-json\/wp\/v2\/pages"}],"about":[{"href":"https:\/\/www.sexpuppenpro.com\/es\/wp-json\/wp\/v2\/types\/page"}],"author":[{"embeddable":true,"href":"https:\/\/www.sexpuppenpro.com\/es\/wp-json\/wp\/v2\/users\/1"}],"replies":[{"embeddable":true,"href":"https:\/\/www.sexpuppenpro.com\/es\/wp-json\/wp\/v2\/comments?post=2313"}],"version-history":[{"count":2,"href":"https:\/\/www.sexpuppenpro.com\/es\/wp-json\/wp\/v2\/pages\/2313\/revisions"}],"predecessor-version":[{"id":2319,"href":"https:\/\/www.sexpuppenpro.com\/es\/wp-json\/wp\/v2\/pages\/2313\/revisions\/2319"}],"wp:attachment":[{"href":"https:\/\/www.sexpuppenpro.com\/es\/wp-json\/wp\/v2\/media?parent=2313"}],"curies":[{"name":"wp","href":"https:\/\/api.w.org\/{rel}","templated":true}]}}