{"id":19733,"date":"2024-09-09T06:59:41","date_gmt":"2024-09-09T06:59:41","guid":{"rendered":"https:\/\/www.sexpuppenpro.com\/?page_id=19733"},"modified":"2025-01-06T02:07:08","modified_gmt":"2025-01-06T02:07:08","slug":"sex-dolls-tags","status":"publish","type":"page","link":"https:\/\/www.sexpuppenpro.com\/en\/sex-dolls-tags\/","title":{"rendered":"Sex doll tags"},"content":{"rendered":"<p>A sex doll, also known as a love doll or adult doll, is a sex toy that resembles a sexual partner in shape and size and is used to assist with masturbation or other sexual activities. These sex dolls can be made of different materials such as silicone, TPE (thermoplastic elastomer) and are available in different shapes, sizes and characteristics.<\/p>\n\n\n\n<p>Sex dolls can be used for sexual gratification, companionship or as a form of fantasy fulfillment. They are designed to simulate the look and feel of a human partner and often have customizable features such as different body types, facial features, hair colors, etc.<\/p>\n\n\n\n<p>The current page collects many popular sex doll tags to help doll lovers find the right adult doll for them.<\/p>\n\n\n\n<p><\/p>\n\n\n\n<figure class=\"wp-block-table\"><table class=\"has-fixed-layout\"><tbody><tr><td>by country<\/td><td><a href=\"https:\/\/www.sexpuppenpro.com\/en\/\">SEXPUPPENPRO.COM EN<\/a><\/td><td><a href=\"https:\/\/www.sexpuppenpro.com\/en\/\">SEXPUPPENPRO.COM EN<\/a><\/td><td><a href=\"https:\/\/www.sexpuppenpro.com\/fr\/\">SEXPUPPENPRO.COM FR<\/a><\/td><\/tr><tr><td><a href=\"https:\/\/www.sexpuppenpro.com\/it\/\">SEXPUPPENPRO.COM IT<\/a><\/td><td><a href=\"https:\/\/www.sexpuppenpro.com\/es\/\">SEXPUPPENPRO.COM IT<\/a><\/td><td><a href=\"https:\/\/www.sexpuppenpro.com\/en\/store\/\">All products<\/a><\/td><td><\/td><\/tr><\/tbody><\/table><\/figure>","protected":false},"excerpt":{"rendered":"<p>A sex doll, also known as a love doll or adult doll, is a sex toy that resembles a sexual partner in shape and size and is used to assist with masturbation or other sexual activities. These sex dolls can be made from different materials such as silicone, TPE (thermoplastic elastomer) and come in different shapes, sizes and features. Sex dolls can be used for [...]<\/p>","protected":false},"author":1,"featured_media":0,"parent":0,"menu_order":26,"comment_status":"closed","ping_status":"closed","template":"","meta":{"site-sidebar-layout":"default","site-content-layout":"","ast-site-content-layout":"default","site-content-style":"default","site-sidebar-style":"default","ast-global-header-display":"","ast-banner-title-visibility":"","ast-main-header-display":"","ast-hfb-above-header-display":"","ast-hfb-below-header-display":"","ast-hfb-mobile-header-display":"","site-post-title":"","ast-breadcrumbs-content":"","ast-featured-img":"","footer-sml-layout":"","ast-disable-related-posts":"","theme-transparent-header-meta":"","adv-header-id-meta":"","stick-header-meta":"","header-above-stick-meta":"","header-main-stick-meta":"","header-below-stick-meta":"","astra-migrate-meta-layouts":"set","ast-page-background-enabled":"default","ast-page-background-meta":{"desktop":{"background-color":"","background-image":"","background-repeat":"repeat","background-position":"center center","background-size":"auto","background-attachment":"scroll","background-type":"","background-media":"","overlay-type":"","overlay-color":"","overlay-opacity":"","overlay-gradient":""},"tablet":{"background-color":"","background-image":"","background-repeat":"repeat","background-position":"center center","background-size":"auto","background-attachment":"scroll","background-type":"","background-media":"","overlay-type":"","overlay-color":"","overlay-opacity":"","overlay-gradient":""},"mobile":{"background-color":"","background-image":"","background-repeat":"repeat","background-position":"center center","background-size":"auto","background-attachment":"scroll","background-type":"","background-media":"","overlay-type":"","overlay-color":"","overlay-opacity":"","overlay-gradient":""}},"ast-content-background-meta":{"desktop":{"background-color":"var(--ast-global-color-4)","background-image":"","background-repeat":"repeat","background-position":"center center","background-size":"auto","background-attachment":"scroll","background-type":"","background-media":"","overlay-type":"","overlay-color":"","overlay-opacity":"","overlay-gradient":""},"tablet":{"background-color":"var(--ast-global-color-4)","background-image":"","background-repeat":"repeat","background-position":"center center","background-size":"auto","background-attachment":"scroll","background-type":"","background-media":"","overlay-type":"","overlay-color":"","overlay-opacity":"","overlay-gradient":""},"mobile":{"background-color":"var(--ast-global-color-4)","background-image":"","background-repeat":"repeat","background-position":"center center","background-size":"auto","background-attachment":"scroll","background-type":"","background-media":"","overlay-type":"","overlay-color":"","overlay-opacity":"","overlay-gradient":""}},"footnotes":""},"class_list":["post-19733","page","type-page","status-publish","hentry"],"yoast_head":"<!-- This site is optimized with the Yoast SEO plugin v24.1 - https:\/\/yoast.com\/wordpress\/plugins\/seo\/ -->\n<title>Sexpuppen-Tags: Die aktuelle Seite sammelt viele beliebte Sexpuppen-Tags, um Puppenliebhabern dabei zu helfen, die f\u00fcr sie richtige Erwachsenenpuppe zu finden - SEXPUPPENPRO<\/title>\n<meta name=\"description\" content=\"Sexpuppen k\u00f6nnen zur sexuellen Befriedigung, zur Kameradschaft oder als Form der Fantasieerf\u00fcllung verwendet werden. Sie sind so konzipiert, dass sie das Aussehen und die Haptik eines menschlichen Partners simulieren und verf\u00fcgen h\u00e4ufig \u00fcber anpassbare Merkmale wie unterschiedliche K\u00f6rpertypen, Gesichtsz\u00fcge, Haarfarben usw.\" \/>\n<meta name=\"robots\" content=\"index, follow, max-snippet:-1, max-image-preview:large, max-video-preview:-1\" \/>\n<link rel=\"canonical\" href=\"https:\/\/www.sexpuppenpro.com\/en\/sex-dolls-tags\/\" \/>\n<meta property=\"og:locale\" content=\"en_US\" \/>\n<meta property=\"og:type\" content=\"article\" \/>\n<meta property=\"og:title\" content=\"Sexpuppen-Tags: Die aktuelle Seite sammelt viele beliebte Sexpuppen-Tags, um Puppenliebhabern dabei zu helfen, die f\u00fcr sie richtige Erwachsenenpuppe zu finden - SEXPUPPENPRO\" \/>\n<meta property=\"og:description\" content=\"Sexpuppen k\u00f6nnen zur sexuellen Befriedigung, zur Kameradschaft oder als Form der Fantasieerf\u00fcllung verwendet werden. Sie sind so konzipiert, dass sie das Aussehen und die Haptik eines menschlichen Partners simulieren und verf\u00fcgen h\u00e4ufig \u00fcber anpassbare Merkmale wie unterschiedliche K\u00f6rpertypen, Gesichtsz\u00fcge, Haarfarben usw.\" \/>\n<meta property=\"og:url\" content=\"https:\/\/www.sexpuppenpro.com\/en\/sex-dolls-tags\/\" \/>\n<meta property=\"og:site_name\" content=\"SEXPUPPENPRO\" \/>\n<meta property=\"article:modified_time\" content=\"2025-01-06T02:07:08+00:00\" \/>\n<meta name=\"twitter:card\" content=\"summary_large_image\" \/>\n<meta name=\"twitter:label1\" content=\"Est. reading time\" \/>\n\t<meta name=\"twitter:data1\" content=\"1 minute\" \/>\n<script type=\"application\/ld+json\" class=\"yoast-schema-graph\">{\"@context\":\"https:\/\/schema.org\",\"@graph\":[{\"@type\":\"WebPage\",\"@id\":\"https:\/\/www.sexpuppenpro.com\/en\/sex-dolls-tags\/\",\"url\":\"https:\/\/www.sexpuppenpro.com\/en\/sex-dolls-tags\/\",\"name\":\"Sexpuppen-Tags: Die aktuelle Seite sammelt viele beliebte Sexpuppen-Tags, um Puppenliebhabern dabei zu helfen, die f\u00fcr sie richtige Erwachsenenpuppe zu finden - SEXPUPPENPRO\",\"isPartOf\":{\"@id\":\"https:\/\/www.sexpuppenpro.com\/#website\"},\"datePublished\":\"2024-09-09T06:59:41+00:00\",\"dateModified\":\"2025-01-06T02:07:08+00:00\",\"description\":\"Sexpuppen k\u00f6nnen zur sexuellen Befriedigung, zur Kameradschaft oder als Form der Fantasieerf\u00fcllung verwendet werden. Sie sind so konzipiert, dass sie das Aussehen und die Haptik eines menschlichen Partners simulieren und verf\u00fcgen h\u00e4ufig \u00fcber anpassbare Merkmale wie unterschiedliche K\u00f6rpertypen, Gesichtsz\u00fcge, Haarfarben usw.\",\"breadcrumb\":{\"@id\":\"https:\/\/www.sexpuppenpro.com\/en\/sex-dolls-tags\/#breadcrumb\"},\"inLanguage\":\"en-US\",\"potentialAction\":[{\"@type\":\"ReadAction\",\"target\":[\"https:\/\/www.sexpuppenpro.com\/en\/sex-dolls-tags\/\"]}]},{\"@type\":\"BreadcrumbList\",\"@id\":\"https:\/\/www.sexpuppenpro.com\/en\/sex-dolls-tags\/#breadcrumb\",\"itemListElement\":[{\"@type\":\"ListItem\",\"position\":1,\"name\":\"Home\",\"item\":\"https:\/\/www.sexpuppenpro.com\/\"},{\"@type\":\"ListItem\",\"position\":2,\"name\":\"Sexpuppen-Tags\"}]},{\"@type\":\"WebSite\",\"@id\":\"https:\/\/www.sexpuppenpro.com\/#website\",\"url\":\"https:\/\/www.sexpuppenpro.com\/\",\"name\":\"SEXPUPPENPRO\",\"description\":\"\",\"publisher\":{\"@id\":\"https:\/\/www.sexpuppenpro.com\/#organization\"},\"potentialAction\":[{\"@type\":\"SearchAction\",\"target\":{\"@type\":\"EntryPoint\",\"urlTemplate\":\"https:\/\/www.sexpuppenpro.com\/?s={search_term_string}\"},\"query-input\":{\"@type\":\"PropertyValueSpecification\",\"valueRequired\":true,\"valueName\":\"search_term_string\"}}],\"inLanguage\":\"en-US\"},{\"@type\":\"Organization\",\"@id\":\"https:\/\/www.sexpuppenpro.com\/#organization\",\"name\":\"SEXPUPPENPRO\",\"url\":\"https:\/\/www.sexpuppenpro.com\/\",\"logo\":{\"@type\":\"ImageObject\",\"inLanguage\":\"en-US\",\"@id\":\"https:\/\/www.sexpuppenpro.com\/#\/schema\/logo\/image\/\",\"url\":\"https:\/\/www.sexpuppenpro.com\/wp-content\/uploads\/2024\/03\/cropped-sexpuppenpro-logo-2.png\",\"contentUrl\":\"https:\/\/www.sexpuppenpro.com\/wp-content\/uploads\/2024\/03\/cropped-sexpuppenpro-logo-2.png\",\"width\":900,\"height\":300,\"caption\":\"SEXPUPPENPRO\"},\"image\":{\"@id\":\"https:\/\/www.sexpuppenpro.com\/#\/schema\/logo\/image\/\"}}]}<\/script>\n<!-- \/ Yoast SEO plugin. -->","yoast_head_json":{"title":"Sex doll tags: The current page collects many popular sex doll tags to help doll lovers find the right adult doll for them - SEXPUPPENPRO","description":"Sex dolls can be used for sexual gratification, companionship or as a form of fantasy fulfillment. They are designed to simulate the look and feel of a human partner and often have customizable features such as different body types, facial features, hair colors, etc.","robots":{"index":"index","follow":"follow","max-snippet":"max-snippet:-1","max-image-preview":"max-image-preview:large","max-video-preview":"max-video-preview:-1"},"canonical":"https:\/\/www.sexpuppenpro.com\/en\/sex-dolls-tags\/","og_locale":"en_US","og_type":"article","og_title":"Sexpuppen-Tags: Die aktuelle Seite sammelt viele beliebte Sexpuppen-Tags, um Puppenliebhabern dabei zu helfen, die f\u00fcr sie richtige Erwachsenenpuppe zu finden - SEXPUPPENPRO","og_description":"Sexpuppen k\u00f6nnen zur sexuellen Befriedigung, zur Kameradschaft oder als Form der Fantasieerf\u00fcllung verwendet werden. Sie sind so konzipiert, dass sie das Aussehen und die Haptik eines menschlichen Partners simulieren und verf\u00fcgen h\u00e4ufig \u00fcber anpassbare Merkmale wie unterschiedliche K\u00f6rpertypen, Gesichtsz\u00fcge, Haarfarben usw.","og_url":"https:\/\/www.sexpuppenpro.com\/en\/sex-dolls-tags\/","og_site_name":"SEXPUPPENPRO","article_modified_time":"2025-01-06T02:07:08+00:00","twitter_card":"summary_large_image","twitter_misc":{"Est. reading time":"1 minute"},"schema":{"@context":"https:\/\/schema.org","@graph":[{"@type":"WebPage","@id":"https:\/\/www.sexpuppenpro.com\/en\/sex-dolls-tags\/","url":"https:\/\/www.sexpuppenpro.com\/en\/sex-dolls-tags\/","name":"Sex doll tags: The current page collects many popular sex doll tags to help doll lovers find the right adult doll for them - SEXPUPPENPRO","isPartOf":{"@id":"https:\/\/www.sexpuppenpro.com\/#website"},"datePublished":"2024-09-09T06:59:41+00:00","dateModified":"2025-01-06T02:07:08+00:00","description":"Sex dolls can be used for sexual gratification, companionship or as a form of fantasy fulfillment. They are designed to simulate the look and feel of a human partner and often have customizable features such as different body types, facial features, hair colors, etc.","breadcrumb":{"@id":"https:\/\/www.sexpuppenpro.com\/en\/sex-dolls-tags\/#breadcrumb"},"inLanguage":"en-US","potentialAction":[{"@type":"ReadAction","target":["https:\/\/www.sexpuppenpro.com\/en\/sex-dolls-tags\/"]}]},{"@type":"BreadcrumbList","@id":"https:\/\/www.sexpuppenpro.com\/en\/sex-dolls-tags\/#breadcrumb","itemListElement":[{"@type":"ListItem","position":1,"name":"Home","item":"https:\/\/www.sexpuppenpro.com\/"},{"@type":"ListItem","position":2,"name":"Sexpuppen-Tags"}]},{"@type":"WebSite","@id":"https:\/\/www.sexpuppenpro.com\/#website","url":"https:\/\/www.sexpuppenpro.com\/","name":"SEXPUPPENPRO","description":"","publisher":{"@id":"https:\/\/www.sexpuppenpro.com\/#organization"},"potentialAction":[{"@type":"SearchAction","target":{"@type":"EntryPoint","urlTemplate":"https:\/\/www.sexpuppenpro.com\/?s={search_term_string}"},"query-input":{"@type":"PropertyValueSpecification","valueRequired":true,"valueName":"search_term_string"}}],"inLanguage":"en-US"},{"@type":"Organization","@id":"https:\/\/www.sexpuppenpro.com\/#organization","name":"SEXPUPPENPRO","url":"https:\/\/www.sexpuppenpro.com\/","logo":{"@type":"ImageObject","inLanguage":"en-US","@id":"https:\/\/www.sexpuppenpro.com\/#\/schema\/logo\/image\/","url":"https:\/\/www.sexpuppenpro.com\/wp-content\/uploads\/2024\/03\/cropped-sexpuppenpro-logo-2.png","contentUrl":"https:\/\/www.sexpuppenpro.com\/wp-content\/uploads\/2024\/03\/cropped-sexpuppenpro-logo-2.png","width":900,"height":300,"caption":"SEXPUPPENPRO"},"image":{"@id":"https:\/\/www.sexpuppenpro.com\/#\/schema\/logo\/image\/"}}]}},"_links":{"self":[{"href":"https:\/\/www.sexpuppenpro.com\/en\/wp-json\/wp\/v2\/pages\/19733","targetHints":{"allow":["GET"]}}],"collection":[{"href":"https:\/\/www.sexpuppenpro.com\/en\/wp-json\/wp\/v2\/pages"}],"about":[{"href":"https:\/\/www.sexpuppenpro.com\/en\/wp-json\/wp\/v2\/types\/page"}],"author":[{"embeddable":true,"href":"https:\/\/www.sexpuppenpro.com\/en\/wp-json\/wp\/v2\/users\/1"}],"replies":[{"embeddable":true,"href":"https:\/\/www.sexpuppenpro.com\/en\/wp-json\/wp\/v2\/comments?post=19733"}],"version-history":[{"count":66,"href":"https:\/\/www.sexpuppenpro.com\/en\/wp-json\/wp\/v2\/pages\/19733\/revisions"}],"predecessor-version":[{"id":26202,"href":"https:\/\/www.sexpuppenpro.com\/en\/wp-json\/wp\/v2\/pages\/19733\/revisions\/26202"}],"wp:attachment":[{"href":"https:\/\/www.sexpuppenpro.com\/en\/wp-json\/wp\/v2\/media?parent=19733"}],"curies":[{"name":"wp","href":"https:\/\/api.w.org\/{rel}","templated":true}]}}